{"id":1201,"date":"2021-04-28T08:56:41","date_gmt":"2021-04-28T08:56:41","guid":{"rendered":"http:\/\/elchupete.com\/?page_id=1201"},"modified":"2021-05-05T09:20:05","modified_gmt":"2021-05-05T09:20:05","slug":"aviso-legal","status":"publish","type":"page","link":"https:\/\/elchupete.com\/en\/aviso-legal\/","title":{"rendered":"Legal Notice"},"content":{"rendered":"<p>[et_pb_section fb_built=\u00bb1&#8243; _builder_version=\u00bb4.9.1&#8243; _module_preset=\u00bbdefault\u00bb background_color=\u00bb#041e42&#8243; background_enable_image=\u00bboff\u00bb min_height_tablet=\u00bb\u00bb min_height_phone=\u00bb\u00bb min_height_last_edited=\u00bbon|tablet\u00bb custom_margin_tablet=\u00bb|0px||0px|false|true\u00bb custom_margin_phone=\u00bb|0px|auto|0px|false|true\u00bb custom_margin_last_edited=\u00bbon|desktop\u00bb custom_padding=\u00bb150px|25px||25px|false|true\u00bb hover_enabled=\u00bb0&#8243; custom_css_main_element=\u00bbdisplay: flex;||flex-direction: column;||justify-content: center;||align-items: center;\u00bb sticky_enabled=\u00bb0&#8243;][et_pb_row _builder_version=\u00bb4.9.1&#8243; _module_preset=\u00bbdefault\u00bb width=\u00bb100%\u00bb max_width=\u00bb1200px\u00bb custom_margin=\u00bb0px|auto|0px|auto|false|false\u00bb][et_pb_column type=\u00bb4_4&#8243; _builder_version=\u00bb4.9.1&#8243; _module_preset=\u00bbdefault\u00bb][et_pb_text _builder_version=\u00bb4.9.1&#8243; _module_preset=\u00bbdefault\u00bb header_text_color=\u00bb#226ea6&#8243; header_3_font=\u00bbGotham Bold||||||||\u00bb header_3_text_align=\u00bbleft\u00bb header_3_text_color=\u00bb#226ea6&#8243; header_3_font_size=\u00bb34px\u00bb]<\/p>\n<h3>Aviso Legal<\/h3>\n<p>[\/et_pb_text][et_pb_text _builder_version=\u00bb4.9.1&#8243; _module_preset=\u00bbdefault\u00bb text_font=\u00bbGotham Light||||||||\u00bb text_text_color=\u00bb#FFFFFF\u00bb text_font_size=\u00bb16px\u00bb header_text_color=\u00bb#226ea6&#8243; header_3_font=\u00bbGotham Bold||||||||\u00bb header_3_text_align=\u00bbleft\u00bb header_3_text_color=\u00bb#226ea6&#8243; header_3_font_size=\u00bb34px\u00bb header_4_font=\u00bbGotham Medium||||||||\u00bb header_4_text_color=\u00bb#FFFFFF\u00bb header_4_font_size=\u00bb21px\u00bb header_4_line_height=\u00bb1.2em\u00bb header_4_font_size_tablet=\u00bb\u00bb header_4_font_size_phone=\u00bb\u00bb header_4_font_size_last_edited=\u00bbon|phone\u00bb]<\/p>\n<h4><strong>Introducci\u00f3n<\/strong><\/h4>\n<p>El objeto de la presente Pol\u00edtica de Privacidad es informar, de conformidad con lo establecido en la normativa aplicable, sobre los tratamientos que se realizar\u00e1n respecto de los datos personales recogidos a trav\u00e9s de la p\u00e1gina web www.elchupete.com (en adelante, el \u201c<strong>Sitio Web<\/strong>\u201d).<\/p>\n<p>El acceso y utilizaci\u00f3n de esta web y\/o de sus subdominios le atribuye la condici\u00f3n de usuario (en adelante, \u201c<strong>Usuario\/s<\/strong>\u201d) e implica el conocimiento y la aceptaci\u00f3n de todas las condiciones incluidas en esta Pol\u00edtica de Privacidad.<\/p>\n<\/p>\n<h4><strong>\u00bfQui\u00e9n es el Responsable del tratamiento?<\/strong><\/h4>\n<p><strong>Nombre:<\/strong> El Chupete Producciones S.L. (en adelante, \u201c<strong>EL CHUPETE<\/strong>\u201d)<br \/><strong>N.I.F<\/strong>: B-01930973<br \/><strong>Direcci\u00f3n postal<\/strong>: Calle Francisco Gerv\u00e1s, 11 6\u00ba C, CP 28020 Madrid<br \/><strong>Correo electr\u00f3nico:<\/strong> <a href=\"mailto:info@elchupete.com\">info@elchupete.com<\/a><\/p>\n<p>[\/et_pb_text][et_pb_text _builder_version=\u00bb4.9.1&#8243; _module_preset=\u00bbdefault\u00bb header_text_color=\u00bb#226ea6&#8243; header_3_font=\u00bbGotham Bold||||||||\u00bb header_3_text_align=\u00bbleft\u00bb header_3_text_color=\u00bb#226ea6&#8243; header_3_font_size=\u00bb34px\u00bb custom_padding=\u00bb20px||||false|false\u00bb]<\/p>\n<h3>Pol\u00edtica de Privacidad<\/h3>\n<p>[\/et_pb_text][et_pb_text _builder_version=\u00bb4.9.1&#8243; _module_preset=\u00bbdefault\u00bb text_font=\u00bbGotham Light||||||||\u00bb text_text_color=\u00bb#FFFFFF\u00bb text_font_size=\u00bb16px\u00bb header_text_color=\u00bb#226ea6&#8243; header_3_font=\u00bbGotham Bold||||||||\u00bb header_3_text_align=\u00bbleft\u00bb header_3_text_color=\u00bb#226ea6&#8243; header_3_font_size=\u00bb34px\u00bb header_4_font=\u00bbGotham Medium||||||||\u00bb header_4_text_color=\u00bb#FFFFFF\u00bb header_4_font_size=\u00bb21px\u00bb header_4_line_height=\u00bb1.2em\u00bb header_4_font_size_tablet=\u00bb\u00bb header_4_font_size_phone=\u00bb\u00bb header_4_font_size_last_edited=\u00bbon|phone\u00bb]<\/p>\n<h4><strong>\u00bfC\u00f3mo recogemos los Datos Personales?<\/strong><\/h4>\n<p>EL CHUPETE recoge informaci\u00f3n de los Usuarios cuando \u00e9stos hacen uso de aquellas funcionalidades del Sitio Web que requieran facilitar determinados datos personales. En concreto, EL CHUPETE registrar\u00e1 la siguiente informaci\u00f3n:<\/p>\n<ul>\n<li>Formulario de contacto y\/o env\u00edo de correos electr\u00f3nicos: los datos personales (incluyendo, sin car\u00e1cter limitativo, nombre, y direcci\u00f3n de correo electr\u00f3nico) que el Usuario voluntariamente facilite a trav\u00e9s del mencionado formulario o mediante el env\u00edo de un correo electr\u00f3nico.<\/li>\n<li>Suscripci\u00f3n al newsletter y comunicaciones comerciales: los datos personales (incluyendo, sin car\u00e1cter limitativo, la direcci\u00f3n de correo electr\u00f3nico ) que el Usuario voluntariamente nos facilite a trav\u00e9s del formulario habilitado para suscribirse.<\/li>\n<\/ul>\n<p>\u00a0El uso de los distintos formularios y\/o funcionalidades habilitadas en el Sitio Web es voluntario. No obstante, algunos campos (se\u00f1alados con el s\u00edmbolo *) son necesarios para atender correctamente su petici\u00f3n, por lo que la negativa del Usuario a facilitar la informaci\u00f3n requerida en los campos obligatorios impedir\u00e1 a EL CHUPETE atender su solicitud.\u00a0<\/p>\n<p>&nbsp;<\/p>\n<h4><strong>\u00bfCon qu\u00e9 finalidad tratamos sus Datos?<\/strong><\/h4>\n<p>Los datos personales que el Usuario nos facilite mediante los formularios y funcionalidades habilitadas en el Sitio Web ser\u00e1n tratados con las finalidades siguientes:<\/p>\n<ol>\n<li>Para tramitar y dar respuesta a las solicitudes formuladas por los Usuarios a trav\u00e9s de los formularios habilitados en el Sitio Web o por correo electr\u00f3nico (en adelante, la \u201c<strong>Respuesta a Solicitudes<\/strong>\u201d).<\/li>\n<li>Previa autorizaci\u00f3n del Usuario, para el env\u00edo del newsletter y comunicaciones comerciales por medios electr\u00f3nicos sobre los productos y\/o servicios ofrecidos por EL CHUPETE y\/o eventos u otras actividades patrocinados por EL CHUPETE (en adelante, el <strong>\u201cEnv\u00edo de Newsletter\u201d)<\/strong><\/li>\n<\/ol>\n<p>&nbsp;<\/p>\n<h4><strong>\u00bfCu\u00e1l es la Legitimaci\u00f3n del Tratamiento?<\/strong><\/h4>\n<p>La base legal del tratamiento de los datos personales para la Respuesta a una Solicitudes el consentimiento del Usuario otorgado expresamente mediante la aceptaci\u00f3n de esta Pol\u00edtica de Privacidad y la marcaci\u00f3n de las casillas correspondientes.<\/p>\n<p>En el caso de aceptar su env\u00edo, la base legal para el Env\u00edo de Newsletters se legitima en el consentimiento prestado por el Usuario.<\/p>\n<p>La base legal para la Gesti\u00f3n de Candidaturas se legitima en el consentimiento del Usuario otorgado expresamente mediante la aceptaci\u00f3n de esta Pol\u00edtica de Privacidad y la marcaci\u00f3n de la casilla correspondientes.<\/p>\n<p>&nbsp;<\/p>\n<h4><strong>\u00bfA qu\u00e9 destinatarios comunicaremos sus Datos?<\/strong><\/h4>\n<p>Los Datos de los Usuarios no ser\u00e1n comunicados a terceros, salvo para el cumplimiento de obligaciones legales a las que estuviera sujeto EL CHUPETE.<\/p>\n<p>Asimismo, EL CHUPETE podr\u00e1 contratar con terceros proveedores servicios necesarios para el correcto funcionamiento de los servicios tales como la gesti\u00f3n del env\u00edo de newsletters. En tal caso EL CHUPETE se asegurar\u00e1 de que tales entidades se encuentran debidamente acreditadas y cuenten con medidas t\u00e9cnicas y organizativas que garanticen un nivel de seguridad adecuado al tratamiento de datos personales. Asimismo, en caso de transferencia internacional de datos (fuera del Espacio Econ\u00f3mico Europeo), EL CHUPETE se compromete a contratar s\u00f3lo con proveedores que ofrezcan un nivel adecuado de protecci\u00f3n y permitan el ejercicio de sus derechos en relaci\u00f3n con el tratamiento de sus datos personales.<\/p>\n<h4><strong>\u00bfPor cu\u00e1nto tiempo conservaremos sus datos?<\/strong><\/h4>\n<p>Los datos personales ser\u00e1n conservados por EL CHUPETE:<\/p>\n<ul>\n<li><em>En el caso del formulario de contacto y\/o correos electr\u00f3nicos<\/em>, s\u00f3lo durante el tiempo necesario para atender y gestionar cada concreta solicitud formulada por el Usuario.<\/li>\n<li><em>En el caso de formulario de newsletter y\/o comunicaciones comerciales<\/em>, hasta que el Usuario revoque el consentimiento prestado para su recepci\u00f3n.\u00a0<\/li>\n<\/ul>\n<p>Transcurridos los citados plazos, los datos personales de los Usuarios podr\u00e1n ser bloqueados y mantenidos por EL CHUPETE para la atenci\u00f3n de las posibles responsabilidades nacidas del tratamiento y s\u00f3lo durante el plazo de prescripci\u00f3n de dichas responsabilidades. Pasado dicho periodo, los datos personales ser\u00e1n borrados por EL CHUPETE.<\/p>\n<p>&nbsp;<\/p>\n<h4><strong>\u00bfC\u00f3mo debo actualizar mis datos personales?<\/strong><\/h4>\n<p>El Usuario garantiza que los Datos facilitados a EL CHUPETE a trav\u00e9s de este Sitio Web son veraces, correctos, actuales y completos. El Usuario se hace responsable de comunicar a EL CHUPETE cualquier modificaci\u00f3n o actualizaci\u00f3n de los mismos, mediante el env\u00edo de una comunicaci\u00f3n a las direcciones postales o electr\u00f3nicas previstas en el apartado \u201c\u00bfCu\u00e1les son sus derechos?\u201d y siguiendo las indicaciones contenidas en el mismo.<\/p>\n<p>&nbsp;<\/p>\n<h4><strong>\u00bfQu\u00e9 ocurre si facilito a EL CHUPETE Datos de terceras personas?<\/strong><\/h4>\n<p>Con car\u00e1cter general, queda prohibido que los Usuarios faciliten datos personales relativos a terceros. No obstante, en el supuesto de que el Usuario facilite datos personales de terceros deber\u00e1, con car\u00e1cter previo a la inclusi\u00f3n o comunicaci\u00f3n de sus datos a EL CHUPETE, informar a dichas personas sobre el contenido de esta Pol\u00edtica de Privacidad. El Usuario garantiza que ha obtenido el consentimiento previo de estas terceras personas para la comunicaci\u00f3n de sus datos personales a EL CHUPETE con los fines previstos en la presente Pol\u00edtica de Privacidad.<\/p>\n<p>&nbsp;<\/p>\n<h4><strong>\u00bfCu\u00e1les son sus Derechos?<\/strong><\/h4>\n<p>Los Usuarios tienen derecho a retirar en cualquier momento el consentimiento prestado para el tratamiento de sus Datos. Asimismo, los Usuarios pueden ejercer ante EL CHUPETE sus derechos de acceso, rectificaci\u00f3n, supresi\u00f3n y portabilidad de sus datos, de limitaci\u00f3n y oposici\u00f3n a su tratamiento, as\u00ed como a no ser objeto de decisiones basadas \u00fanicamente en el tratamiento automatizado de sus datos, cuando procedan.<\/p>\n<p>A tales efectos podr\u00e1 utilizar los siguientes canales, acompa\u00f1ando siempre fotocopia del DNI o cualquier otro documento que permita acreditar su identidad:<\/p>\n<ul>\n<li>Por carta a la direcci\u00f3n: Calle Coraz\u00f3n de Mar\u00eda, 7BIS<\/li>\n<li>Por correo electr\u00f3nico a:\u00a0info@elchupete.com<\/li>\n<\/ul>\n<p>\u00a0Por \u00faltimo, en caso de que el Usuario tenga conocimiento o considere que un hecho pueda suponer un incumplimiento de la normativa aplicable en materia de protecci\u00f3n de datos, podr\u00e1 presentar una reclamaci\u00f3n ante la Agencia Espa\u00f1ola de Protecci\u00f3n de Datos.<\/p>\n<p><strong><u><\/u><\/strong><\/p>\n<h4><strong>Actualizaciones y cambios en la Pol\u00edtica de Privacidad<\/strong><\/h4>\n<p>EL CHUPETE se reserva el derecho a introducir modificaciones en esta Pol\u00edtica de Privacidad. Cuando se produzcan dichos cambios, se comunicar\u00e1n a los Usuarios mediante avisos en el Sitio Web, por correo electr\u00f3nico o bien trav\u00e9s de cualquier otro procedimiento adecuado seg\u00fan las circunstancias.<\/p>\n<p>[\/et_pb_text][et_pb_text _builder_version=\u00bb4.9.1&#8243; _module_preset=\u00bbdefault\u00bb header_text_color=\u00bb#226ea6&#8243; header_3_font=\u00bbGotham Bold||||||||\u00bb header_3_text_align=\u00bbleft\u00bb header_3_text_color=\u00bb#226ea6&#8243; header_3_font_size=\u00bb34px\u00bb custom_padding=\u00bb20px||||false|false\u00bb]<\/p>\n<h3>Pol\u00edtica de Cookies<\/h3>\n<p>[\/et_pb_text][et_pb_text module_id=\u00bbcookies\u00bb _builder_version=\u00bb4.9.1&#8243; _module_preset=\u00bbdefault\u00bb text_font=\u00bbGotham Light||||||||\u00bb text_text_color=\u00bb#FFFFFF\u00bb text_font_size=\u00bb16px\u00bb header_text_color=\u00bb#226ea6&#8243; header_3_font=\u00bbGotham Bold||||||||\u00bb header_3_text_align=\u00bbleft\u00bb header_3_text_color=\u00bb#226ea6&#8243; header_3_font_size=\u00bb34px\u00bb header_4_font=\u00bbGotham Medium||||||||\u00bb header_4_text_color=\u00bb#FFFFFF\u00bb header_4_font_size=\u00bb21px\u00bb header_4_line_height=\u00bb1.2em\u00bb header_4_font_size_tablet=\u00bb\u00bb header_4_font_size_phone=\u00bb\u00bb header_4_font_size_last_edited=\u00bbon|phone\u00bb]<\/p>\n<h4><strong>\u00bfQu\u00e9 son las cookies?<\/strong><o:p><\/o:p><\/h4>\n<p>Las cookies son archivos que se pueden descargar en su equipo a trav\u00e9s de las p\u00e1ginas web. Son herramientas que tienen un papel esencial para la prestaci\u00f3n de numerosos servicios de la sociedad de la informaci\u00f3n. Entre otros, permiten a una p\u00e1gina web almacenar y recuperar informacio\u0301n sobre los ha\u0301bitos de navegacio\u0301n de un usuario o de su equipo y, dependiendo de la informaci\u00f3n obtenida, se pueden utilizar para reconocer al usuario y mejorar el servicio ofrecido.<o:p><\/o:p><\/p>\n<h4><strong>Cookies utilizadas en este sitoo web<\/strong><o:p><\/o:p><\/h4>\n<p>En el presente Sitio Web se utilizan cookies de terceros con los que trabajamos para prestar servicios a trav\u00e9s del Sitio Web.<o:p><\/o:p><\/p>\n<h4><strong>C\u00f3mo controlar y eliminar las cookies<\/strong><o:p><\/o:p><\/h4>\n<p>La mayor\u00eda de los navegadores web aceptan cookies, pero puede cambiar la configuraci\u00f3n del navegador web para que rechace nuevas cookies, desactive las que ya existen o que le comunique cuando alguien le env\u00eda una nueva cookie en el dispositivo. Para cambiar la configuraci\u00f3n siga las instrucciones que le proporciona cada navegador:<o:p><\/o:p><\/p>\n<p>Internet Explorer: Herramientas&gt; Opciones de Internet&gt; Privacidad<br \/>O bien\u00a0haz <a href=\"https:\/\/support.microsoft.com\/es-es\/topic\/eliminar-y-administrar-cookies-168dab11-0753-043d-7c16-ede5947fc64d\" target=\"_blank\" rel=\"noopener\">clic aqu\u00ed<\/a>\u00a0para m\u00e1s informaci\u00f3n.<o:p><\/o:p><\/p>\n<p>Firefox: Herramientas&gt; Opciones&gt; Privacidad&gt; Historial&gt; Ajustes personalizados.<br \/>O bien\u00a0haz <a href=\"https:\/\/support.mozilla.org\/es\/kb\/impedir-que-los-sitios-web-guarden-sus-preferencia\" target=\"_blank\" rel=\"noopener\">clic aqu\u00ed<\/a>\u00a0para m\u00e1s informaci\u00f3n.<o:p><\/o:p><\/p>\n<p>Chrome: Configuraci\u00f3n&gt; Mostrar configuraci\u00f3n avanzada&gt; Privacidad&gt; Configuraci\u00f3n de contenido.<br \/>O bien\u00a0haz <a href=\"https:\/\/support.google.com\/accounts\/answer\/61416?hl=es\" target=\"_blank\" rel=\"noopener\">clic aqu\u00ed<\/a>\u00a0para m\u00e1s informaci\u00f3n.<o:p><\/o:p><\/p>\n<p>Safari: Preferencias&gt; Seguridad.<br \/>O bien\u00a0haz <a href=\"http:\/\/safari.helpmax.net\/es\/privacidad-y-seguridad\/como-gestionar-las-cookies\/\" target=\"_blank\" rel=\"noopener\">clic aqu\u00ed<\/a>\u00a0para m\u00e1s informaci\u00f3n.<o:p><\/o:p><\/p>\n<p>Opera: Configuraci\u00f3n.<br \/>O bien\u00a0haz <a href=\"https:\/\/help.opera.com\/en\/latest\/web-preferences\/#cookies\" target=\"_blank\" rel=\"noopener\">clic aqu\u00ed<\/a>\u00a0para m\u00e1s informaci\u00f3n.<o:p><\/o:p><\/p>\n<p>Bloquear el uso de las cookies en su navegaci\u00f3n puede hacer que algunos servicios o caracter\u00edsticas del sitio web no est\u00e9n disponibles\u201d.<o:p><\/o:p><\/p>\n<h4><strong>Aceptaci\u00f3n de la pol\u00edtica de cookies<\/strong><o:p><\/o:p><\/h4>\n<p>Este sitio web asume que usted acepta el uso de cookies. No obstante, muestra informaci\u00f3n sobre su Pol\u00edtica de cookies en la parte inferior o superior de cualquier p\u00e1gina del portal con cada inicio de sesi\u00f3n con el objeto de que usted sea consciente.<o:p><\/o:p><\/p>\n<p>Ante esta informaci\u00f3n es posible llevar a cabo las siguientes acciones:<o:p><\/o:p><\/p>\n<p><u>Aceptar cookies<\/u>: No se volver\u00e1 a visualizar este aviso al acceder a cualquier p\u00e1gina del portal durante la presente sesi\u00f3n.<br \/><u>Cerrar<\/u>: Se oculta el aviso en la presente p\u00e1gina.<br \/><u>Modificar su configuraci\u00f3n<\/u>: Podr\u00e1 obtener m\u00e1s informaci\u00f3n sobre qu\u00e9 son las cookies, conocer la Pol\u00edtica de cookies en esta p\u00e1gina y modificar la configuraci\u00f3n de su navegador.\u00a0<o:p><\/o:p><\/p>\n<p>[\/et_pb_text][\/et_pb_column][\/et_pb_row][\/et_pb_section]<\/p>\n","protected":false},"excerpt":{"rendered":"<p>Aviso LegalIntroducci\u00f3n El objeto de la presente Pol\u00edtica de Privacidad es informar, de conformidad con lo establecido en la normativa aplicable, sobre los tratamientos que se realizar\u00e1n respecto de los datos personales recogidos a trav\u00e9s de la p\u00e1gina web www.elchupete.com (en adelante, el \u201cSitio Web\u201d). El acceso y utilizaci\u00f3n de esta web y\/o de sus [&hellip;]<\/p>\n","protected":false},"author":1,"featured_media":0,"parent":0,"menu_order":0,"comment_status":"closed","ping_status":"closed","template":"","meta":{"_acf_changed":false,"_et_pb_use_builder":"on","_et_pb_old_content":"","_et_gb_content_width":"","footnotes":""},"class_list":["post-1201","page","type-page","status-publish","hentry"],"acf":[],"yoast_head":"<!-- This site is optimized with the Yoast SEO plugin v27.5 - https:\/\/yoast.com\/product\/yoast-seo-wordpress\/ -->\n<title>Aviso Legal &#8212; El Chupete<\/title>\n<meta name=\"robots\" content=\"index, nofollow, max-snippet:-1, max-image-preview:large, max-video-preview:-1\" \/>\n<link rel=\"canonical\" href=\"https:\/\/elchupete.com\/en\/aviso-legal\/\" \/>\n<meta property=\"og:locale\" content=\"en_GB\" \/>\n<meta property=\"og:type\" content=\"article\" \/>\n<meta property=\"og:title\" content=\"Aviso Legal &#8212; El Chupete\" \/>\n<meta property=\"og:description\" content=\"Aviso LegalIntroducci\u00f3n El objeto de la presente Pol\u00edtica de Privacidad es informar, de conformidad con lo establecido en la normativa aplicable, sobre los tratamientos que se realizar\u00e1n respecto de los datos personales recogidos a trav\u00e9s de la p\u00e1gina web www.elchupete.com (en adelante, el \u201cSitio Web\u201d). El acceso y utilizaci\u00f3n de esta web y\/o de sus [&hellip;]\" \/>\n<meta property=\"og:url\" content=\"https:\/\/elchupete.com\/en\/aviso-legal\/\" \/>\n<meta property=\"og:site_name\" content=\"El Chupete\" \/>\n<meta property=\"article:publisher\" content=\"https:\/\/www.facebook.com\/festivalelchupete\/\" \/>\n<meta property=\"article:modified_time\" content=\"2021-05-05T09:20:05+00:00\" \/>\n<meta property=\"og:image\" content=\"https:\/\/elchupete.com\/wp-content\/uploads\/2022\/09\/elchupete-logo-color.png\" \/>\n\t<meta property=\"og:image:width\" content=\"1300\" \/>\n\t<meta property=\"og:image:height\" content=\"550\" \/>\n\t<meta property=\"og:image:type\" content=\"image\/png\" \/>\n<meta name=\"twitter:card\" content=\"summary_large_image\" \/>\n<meta name=\"twitter:site\" content=\"@elchupete_com\" \/>\n<meta name=\"twitter:label1\" content=\"Estimated reading time\" \/>\n\t<meta name=\"twitter:data1\" content=\"7 minutes\" \/>\n<script type=\"application\/ld+json\" class=\"yoast-schema-graph\">{\"@context\":\"https:\\\/\\\/schema.org\",\"@graph\":[{\"@type\":\"WebPage\",\"@id\":\"https:\\\/\\\/elchupete.com\\\/aviso-legal\\\/\",\"url\":\"https:\\\/\\\/elchupete.com\\\/aviso-legal\\\/\",\"name\":\"Aviso Legal &#8212; El Chupete\",\"isPartOf\":{\"@id\":\"https:\\\/\\\/elchupete.com\\\/#website\"},\"datePublished\":\"2021-04-28T08:56:41+00:00\",\"dateModified\":\"2021-05-05T09:20:05+00:00\",\"breadcrumb\":{\"@id\":\"https:\\\/\\\/elchupete.com\\\/aviso-legal\\\/#breadcrumb\"},\"inLanguage\":\"en-GB\",\"potentialAction\":[{\"@type\":\"ReadAction\",\"target\":[\"https:\\\/\\\/elchupete.com\\\/aviso-legal\\\/\"]}]},{\"@type\":\"BreadcrumbList\",\"@id\":\"https:\\\/\\\/elchupete.com\\\/aviso-legal\\\/#breadcrumb\",\"itemListElement\":[{\"@type\":\"ListItem\",\"position\":1,\"name\":\"Portada\",\"item\":\"https:\\\/\\\/elchupete.com\\\/\"},{\"@type\":\"ListItem\",\"position\":2,\"name\":\"Aviso Legal\"}]},{\"@type\":\"WebSite\",\"@id\":\"https:\\\/\\\/elchupete.com\\\/#website\",\"url\":\"https:\\\/\\\/elchupete.com\\\/\",\"name\":\"El Chupete\",\"description\":\"Festival de Comunicaci\u00f3n Infantil\",\"publisher\":{\"@id\":\"https:\\\/\\\/elchupete.com\\\/#organization\"},\"potentialAction\":[{\"@type\":\"SearchAction\",\"target\":{\"@type\":\"EntryPoint\",\"urlTemplate\":\"https:\\\/\\\/elchupete.com\\\/?s={search_term_string}\"},\"query-input\":{\"@type\":\"PropertyValueSpecification\",\"valueRequired\":true,\"valueName\":\"search_term_string\"}}],\"inLanguage\":\"en-GB\"},{\"@type\":\"Organization\",\"@id\":\"https:\\\/\\\/elchupete.com\\\/#organization\",\"name\":\"El Chupete\",\"url\":\"https:\\\/\\\/elchupete.com\\\/\",\"logo\":{\"@type\":\"ImageObject\",\"inLanguage\":\"en-GB\",\"@id\":\"https:\\\/\\\/elchupete.com\\\/#\\\/schema\\\/logo\\\/image\\\/\",\"url\":\"https:\\\/\\\/elchupete.com\\\/wp-content\\\/uploads\\\/2022\\\/09\\\/elchupete-logo-color.png\",\"contentUrl\":\"https:\\\/\\\/elchupete.com\\\/wp-content\\\/uploads\\\/2022\\\/09\\\/elchupete-logo-color.png\",\"width\":1300,\"height\":550,\"caption\":\"El Chupete\"},\"image\":{\"@id\":\"https:\\\/\\\/elchupete.com\\\/#\\\/schema\\\/logo\\\/image\\\/\"},\"sameAs\":[\"https:\\\/\\\/www.facebook.com\\\/festivalelchupete\\\/\",\"https:\\\/\\\/x.com\\\/elchupete_com\",\"https:\\\/\\\/www.linkedin.com\\\/company\\\/festival-el-chupete\\\/?originalSubdomain=es\",\"https:\\\/\\\/www.youtube.com\\\/channel\\\/UCQQh7miXV7AGPQ0BVwzOJoA\",\"https:\\\/\\\/www.instagram.com\\\/elchupete_com\\\/\"]}]}<\/script>\n<!-- \/ Yoast SEO plugin. -->","yoast_head_json":{"title":"Aviso Legal &#8212; El Chupete","robots":{"index":"index","follow":"nofollow","max-snippet":"max-snippet:-1","max-image-preview":"max-image-preview:large","max-video-preview":"max-video-preview:-1"},"canonical":"https:\/\/elchupete.com\/en\/aviso-legal\/","og_locale":"en_GB","og_type":"article","og_title":"Aviso Legal &#8212; El Chupete","og_description":"Aviso LegalIntroducci\u00f3n El objeto de la presente Pol\u00edtica de Privacidad es informar, de conformidad con lo establecido en la normativa aplicable, sobre los tratamientos que se realizar\u00e1n respecto de los datos personales recogidos a trav\u00e9s de la p\u00e1gina web www.elchupete.com (en adelante, el \u201cSitio Web\u201d). El acceso y utilizaci\u00f3n de esta web y\/o de sus [&hellip;]","og_url":"https:\/\/elchupete.com\/en\/aviso-legal\/","og_site_name":"El Chupete","article_publisher":"https:\/\/www.facebook.com\/festivalelchupete\/","article_modified_time":"2021-05-05T09:20:05+00:00","og_image":[{"width":1300,"height":550,"url":"https:\/\/elchupete.com\/wp-content\/uploads\/2022\/09\/elchupete-logo-color.png","type":"image\/png"}],"twitter_card":"summary_large_image","twitter_site":"@elchupete_com","twitter_misc":{"Estimated reading time":"7 minutes"},"schema":{"@context":"https:\/\/schema.org","@graph":[{"@type":"WebPage","@id":"https:\/\/elchupete.com\/aviso-legal\/","url":"https:\/\/elchupete.com\/aviso-legal\/","name":"Aviso Legal &#8212; El Chupete","isPartOf":{"@id":"https:\/\/elchupete.com\/#website"},"datePublished":"2021-04-28T08:56:41+00:00","dateModified":"2021-05-05T09:20:05+00:00","breadcrumb":{"@id":"https:\/\/elchupete.com\/aviso-legal\/#breadcrumb"},"inLanguage":"en-GB","potentialAction":[{"@type":"ReadAction","target":["https:\/\/elchupete.com\/aviso-legal\/"]}]},{"@type":"BreadcrumbList","@id":"https:\/\/elchupete.com\/aviso-legal\/#breadcrumb","itemListElement":[{"@type":"ListItem","position":1,"name":"Portada","item":"https:\/\/elchupete.com\/"},{"@type":"ListItem","position":2,"name":"Aviso Legal"}]},{"@type":"WebSite","@id":"https:\/\/elchupete.com\/#website","url":"https:\/\/elchupete.com\/","name":"El Chupete","description":"Festival de Comunicaci\u00f3n Infantil","publisher":{"@id":"https:\/\/elchupete.com\/#organization"},"potentialAction":[{"@type":"SearchAction","target":{"@type":"EntryPoint","urlTemplate":"https:\/\/elchupete.com\/?s={search_term_string}"},"query-input":{"@type":"PropertyValueSpecification","valueRequired":true,"valueName":"search_term_string"}}],"inLanguage":"en-GB"},{"@type":"Organization","@id":"https:\/\/elchupete.com\/#organization","name":"El Chupete","url":"https:\/\/elchupete.com\/","logo":{"@type":"ImageObject","inLanguage":"en-GB","@id":"https:\/\/elchupete.com\/#\/schema\/logo\/image\/","url":"https:\/\/elchupete.com\/wp-content\/uploads\/2022\/09\/elchupete-logo-color.png","contentUrl":"https:\/\/elchupete.com\/wp-content\/uploads\/2022\/09\/elchupete-logo-color.png","width":1300,"height":550,"caption":"El Chupete"},"image":{"@id":"https:\/\/elchupete.com\/#\/schema\/logo\/image\/"},"sameAs":["https:\/\/www.facebook.com\/festivalelchupete\/","https:\/\/x.com\/elchupete_com","https:\/\/www.linkedin.com\/company\/festival-el-chupete\/?originalSubdomain=es","https:\/\/www.youtube.com\/channel\/UCQQh7miXV7AGPQ0BVwzOJoA","https:\/\/www.instagram.com\/elchupete_com\/"]}]}},"_links":{"self":[{"href":"https:\/\/elchupete.com\/en\/wp-json\/wp\/v2\/pages\/1201","targetHints":{"allow":["GET"]}}],"collection":[{"href":"https:\/\/elchupete.com\/en\/wp-json\/wp\/v2\/pages"}],"about":[{"href":"https:\/\/elchupete.com\/en\/wp-json\/wp\/v2\/types\/page"}],"author":[{"embeddable":true,"href":"https:\/\/elchupete.com\/en\/wp-json\/wp\/v2\/users\/1"}],"replies":[{"embeddable":true,"href":"https:\/\/elchupete.com\/en\/wp-json\/wp\/v2\/comments?post=1201"}],"version-history":[{"count":10,"href":"https:\/\/elchupete.com\/en\/wp-json\/wp\/v2\/pages\/1201\/revisions"}],"predecessor-version":[{"id":1387,"href":"https:\/\/elchupete.com\/en\/wp-json\/wp\/v2\/pages\/1201\/revisions\/1387"}],"wp:attachment":[{"href":"https:\/\/elchupete.com\/en\/wp-json\/wp\/v2\/media?parent=1201"}],"curies":[{"name":"wp","href":"https:\/\/api.w.org\/{rel}","templated":true}]}}