{"id":2476,"date":"2022-10-31T16:02:18","date_gmt":"2022-10-31T16:02:18","guid":{"rendered":"http:\/\/elchupete.com\/?page_id=2476"},"modified":"2022-10-31T17:15:55","modified_gmt":"2022-10-31T17:15:55","slug":"ganadores-edicion-2021","status":"publish","type":"page","link":"https:\/\/elchupete.com\/en\/ganadores-edicion-2021\/","title":{"rendered":"Ganadores edici\u00f3n 2021"},"content":{"rendered":"<p>[et_pb_section fb_built=\u00bb1&#8243; fullwidth=\u00bbon\u00bb _builder_version=\u00bb4.9.4&#8243; _module_preset=\u00bbdefault\u00bb height=\u00bb70vh\u00bb max_height=\u00bb70vh\u00bb locked=\u00bboff\u00bb][et_pb_fullwidth_slider show_pagination=\u00bboff\u00bb _builder_version=\u00bb4.9.4&#8243; _module_preset=\u00bbdefault\u00bb header_font=\u00bbGotham Bold||||||||\u00bb body_font=\u00bbGotham Light||||||||\u00bb custom_button=\u00bbon\u00bb button_bg_color=\u00bbrgba(255,255,255,0.42)\u00bb button_border_width=\u00bb0px\u00bb button_border_radius=\u00bb10px\u00bb button_font=\u00bbGotham Bold||||||||\u00bb button_use_icon=\u00bboff\u00bb button_alignment=\u00bbleft\u00bb button_custom_padding=\u00bb10px||10px||true|false\u00bb text_orientation=\u00bbleft\u00bb max_width=\u00bb100%\u00bb module_alignment=\u00bbcenter\u00bb content_width=\u00bb90%\u00bb height=\u00bb70vh\u00bb max_height=\u00bb70vh\u00bb overflow-y=\u00bbauto\u00bb custom_margin=\u00bb0px|0px|0px|0px|true|true\u00bb custom_padding=\u00bb250px|500px|50px|0px|false|false\u00bb custom_padding_tablet=\u00bb200px|200px|||false|false\u00bb custom_padding_phone=\u00bb100px|0px|100px|0px|false|false\u00bb custom_padding_last_edited=\u00bbon|desktop\u00bb hover_enabled=\u00bb0&#8243; header_font_size_tablet=\u00bb36px\u00bb header_font_size_phone=\u00bb36px\u00bb header_font_size_last_edited=\u00bbon|desktop\u00bb button_bg_color__hover_enabled=\u00bbon|hover\u00bb button_bg_color__hover=\u00bbrgba(255,255,255,0.21)\u00bb button_bg_enable_color__hover=\u00bbon\u00bb sticky_enabled=\u00bb0&#8243;][et_pb_slide heading=\u00bbGanadores Festival Internacional El Chupete 2021&#8243; url_new_window=\u00bbon\u00bb _builder_version=\u00bb4.9.4&#8243; _module_preset=\u00bbdefault\u00bb header_font=\u00bbGotham Bold||||||||\u00bb background_enable_color=\u00bboff\u00bb use_background_color_gradient=\u00bbon\u00bb background_color_gradient_start=\u00bbrgba(4,30,66,0.84)\u00bb background_color_gradient_end=\u00bbrgba(4,30,66,0.63)\u00bb background_color_gradient_direction=\u00bb90deg\u00bb background_image=\u00bbhttp:\/\/elchupete.com\/wp-content\/uploads\/2021\/03\/50698354656_9e42eaa5a4_k.jpg\u00bb background_enable_image=\u00bbon\u00bb background_blend=\u00bbmultiply\u00bb max_width=\u00bb1200px\u00bb link_option_url_new_window=\u00bbon\u00bb hover_enabled=\u00bb0&#8243; sticky_transition=\u00bbon\u00bb sticky_enabled=\u00bb0&#8243;]<\/p>\n<p>El Festival Internacional de Comunicaci\u00f3n Infantil El Chupete, que ha celebrado su XVII edici\u00f3n de nuevo de forma totalmente presencial, ya ha elegido a sus ganadores. La hist\u00f3rica marca de chocolates y dulces, Ferrero fue premiada con el Chupete Especial del Jurado por la mejor trayectoria como anunciante familiar. Asimismo, desde la organizaci\u00f3n de El Chupete, se concedi\u00f3 un segundo Chupete Especial esta vez al Grupo Parch\u00eds, por toda su trayectoria de comunicador infantil, sobre todo entre aquellos que fueron ni\u00f1os en los 80.<\/p>\n<p>En esta edici\u00f3n adem\u00e1s de los premios citados anteriormente, se han otorgado por parte del Jurado de El Chupete 2021, presidido por Elena G\u00f3mez del Pozuelo, un total de 26 galardones seleccionados entre todas las candidaturas recibidas.<\/p>\n<p>\n<script><\/script>\n<\/p>\n<p>[\/et_pb_slide][\/et_pb_fullwidth_slider][\/et_pb_section][et_pb_section fb_built=\u00bb1&#8243; admin_label=\u00bbsection\u00bb _builder_version=\u00bb3.22&#8243;][et_pb_row admin_label=\u00bbrow\u00bb _builder_version=\u00bb3.25&#8243; background_size=\u00bbinitial\u00bb background_position=\u00bbtop_left\u00bb background_repeat=\u00bbrepeat\u00bb][et_pb_column type=\u00bb4_4&#8243; _builder_version=\u00bb3.25&#8243; custom_padding=\u00bb|||\u00bb custom_padding__hover=\u00bb|||\u00bb][et_pb_text admin_label=\u00bbText\u00bb _builder_version=\u00bb4.9.4&#8243; background_size=\u00bbinitial\u00bb background_position=\u00bbtop_left\u00bb background_repeat=\u00bbrepeat\u00bb]<\/p>\n<table>\n<tbody>\n<tr>\n<td><strong>Categor\u00eda<\/strong><\/td>\n<td><strong>Subcategoria<\/strong><\/td>\n<td><strong>T\u00edtulo<\/strong><\/td>\n<td><strong>Anunciante<\/strong><\/td>\n<td><strong>Agencia<\/strong><\/td>\n<\/tr>\n<tr>\n<td><strong>Cine y TV<\/strong><\/td>\n<td>Juegos y Juguetes<\/td>\n<td>Rebuild The World<\/td>\n<td>LEGO<\/td>\n<td>LEGO<\/td>\n<\/tr>\n<tr>\n<td><strong>Cine\/TV<\/strong><\/td>\n<td>Alimentaci\u00f3n, bebidas y productos espec\u00edfico para ni\u00f1os<\/td>\n<td>HOLA MUNDO<\/td>\n<td>Turrones Pic\u00f3<\/td>\n<td>Siberia<\/td>\n<\/tr>\n<tr>\n<td><strong>Cine y TV<\/strong><\/td>\n<td>Alimentaci\u00f3n, bebidas y productos espec\u00edfico para ni\u00f1os<\/td>\n<td>Zapatos Hechos a 100 manos<\/td>\n<td>Pablosky<\/td>\n<td>Tactucs Europe<\/td>\n<\/tr>\n<tr>\n<td><strong>Cine y TV<\/strong><\/td>\n<td>Animaci\u00f3n y Medios de comunicaci\u00f3n, publicaciones y material escolar<\/td>\n<td>Rebuild The World<\/td>\n<td>LEGO<\/td>\n<td>LEGO<\/td>\n<\/tr>\n<tr>\n<td><strong>CINE Y TV<\/strong><\/td>\n<td>Servicios P\u00fablicos<\/td>\n<td>#NOMOREMATILDAS<\/td>\n<td>AMIT (Asociaci\u00f3n de Mujeres Investigadoras y Tecn\u00f3logas)<\/td>\n<td>Getting Better<\/td>\n<\/tr>\n<tr>\n<td><strong>CINE Y TV<\/strong><\/td>\n<td>Servicios P\u00fablicos<\/td>\n<td>12 Meses Mediaset Espa\u00f1a &#8211; D\u00cdA DEL NI\u00d1O<\/td>\n<td>Mediaset<\/td>\n<td>Mediaset Espa\u00f1a<\/td>\n<\/tr>\n<tr>\n<td><strong>GR\u00c1FICA<\/strong><\/td>\n<td>Gr\u00e1fica, Libros y Revistas<\/td>\n<td>#NOMOREMATILDAS<\/td>\n<td>AMIT (Asociaci\u00f3n de Mujeres Investigadoras y Tecn\u00f3logas)<\/td>\n<td>Getting Better<\/td>\n<\/tr>\n<tr>\n<td><strong>GR\u00c1FICA<\/strong><\/td>\n<td>Packaging y PLV<\/td>\n<td>Sani Baby &#8211; Packaging + PLV<\/td>\n<td>Sani Baby<\/td>\n<td>Berjuan<\/td>\n<\/tr>\n<tr>\n<td><strong>Branded Content<\/strong><\/td>\n<td>Primero<\/td>\n<td>Todo saldr\u00e1 bien<\/td>\n<td>BBVA<\/td>\n<td>Wink]<\/td>\n<\/tr>\n<tr>\n<td><strong>Branded Content<\/strong><\/td>\n<td>Segundo<\/td>\n<td>#HACIENDOTEPREGUNTAS<\/td>\n<td>CEU &amp; ABC<\/td>\n<td>Agencia71<\/td>\n<\/tr>\n<tr>\n<td><strong>Digital y M\u00f3vil<\/strong><\/td>\n<td>Web, APPS, Game<\/td>\n<td>Dale #Unfollow CiberBullying<\/td>\n<td>Castellana Properties<\/td>\n<td>Jumpers<\/td>\n<\/tr>\n<tr>\n<td><strong>Digital y M\u00f3vil<\/strong><\/td>\n<td>Redes Sociales y Youtube<\/td>\n<td>EL GOL 303 DE FERNANDO TORRES<\/td>\n<td>Juguettos<\/td>\n<td>Btob<\/td>\n<\/tr>\n<tr>\n<td><strong>Digital y M\u00f3vil<\/strong><\/td>\n<td>Redes Sociales y Youtube<\/td>\n<td>#NOMOREMATILDAS<\/td>\n<td>AMIT (Asociaci\u00f3n de Mujeres Investigadoras y Tecn\u00f3logas)<\/td>\n<td>Getting Better<\/td>\n<\/tr>\n<tr>\n<td><strong>Digital y M\u00f3vil<\/strong><\/td>\n<td>Game<\/td>\n<td>La Liga Saludable de Pl\u00e1tano de Canarias<\/td>\n<td>Pl\u00e1tano de Canarias<\/td>\n<td>The Modern Kids &amp; Family<\/td>\n<\/tr>\n<tr>\n<td><strong>Digital y M\u00f3vil<\/strong><\/td>\n<td>Campa\u00f1as Digitales \/ Dispositivos M\u00f3viles y Nuevas Tecnolog\u00edas<\/td>\n<td>#NOMOREMATILDAS<\/td>\n<td>AMIT (Asociaci\u00f3n de Mujeres Investigadoras y Tecn\u00f3logas)<\/td>\n<td>Getting Better<\/td>\n<\/tr>\n<tr>\n<td><strong>Campa\u00f1a social<\/strong><\/td>\n<td>Primero<\/td>\n<td>POR NO, PORNO.<\/td>\n<td>FAD<\/td>\n<td>Pink Lab<\/td>\n<\/tr>\n<tr>\n<td><strong>Campa\u00f1a Social<\/strong><\/td>\n<td>Segundo<\/td>\n<td>Defiende lo obvio<\/td>\n<td>FAD<\/td>\n<td>Arnold Madrid<\/td>\n<\/tr>\n<tr>\n<td><strong>Campa\u00f1a Social<\/strong><\/td>\n<td>Segundo<\/td>\n<td>Los amigos tambi\u00e9n curan<\/td>\n<td>Fundaci\u00f3n JuegaTerapia<\/td>\n<td>Fundaci\u00f3n JuegaTerapia<\/td>\n<\/tr>\n<tr>\n<td><strong>Campa\u00f1a Global Comunicaci\u00f3n, Prensa y RR.PP.<\/strong><\/td>\n<td>Primero<\/td>\n<td>Ready for girls<\/td>\n<td>LEGO<\/td>\n<td>LEGO<\/td>\n<\/tr>\n<tr>\n<td><strong>Mejor Juguete<\/strong><\/td>\n<td>Primero<\/td>\n<td>Barbie Astronauta<\/td>\n<td>MATTEL<\/td>\n<td>Mattel<\/td>\n<\/tr>\n<tr>\n<td><strong>Mejor Juguete<\/strong><\/td>\n<td>Segundo<\/td>\n<td>Mandala Stone<\/td>\n<td>Miniland<\/td>\n<td>Miniland<\/td>\n<\/tr>\n<tr>\n<td><strong>Eventos y Promos<\/strong><\/td>\n<td>Primero<\/td>\n<td>BARCELONA FLAGSHIP<\/td>\n<td>LEGO<\/td>\n<td>LEGO<\/td>\n<\/tr>\n<tr>\n<td><strong>M\u00fasica, Jingles y Radio<\/strong><\/td>\n<td>Primero<\/td>\n<td>Tarritos Hero Baby<\/td>\n<td>Hero Espa\u00f1a<\/td>\n<td>Hero Espa\u00f1a<\/td>\n<\/tr>\n<tr>\n<td><strong>GRAN PREMIO CINE\/TV<\/strong><\/td>\n<td>N\/A<\/td>\n<td>Rebuild the World<\/td>\n<td>LEGO<\/td>\n<td>LEGO<\/td>\n<\/tr>\n<tr>\n<td><strong>GRAN PREMIO DIGITAL<\/strong><\/td>\n<td>N\/A<\/td>\n<td>#NOMOREMATILDAS<\/td>\n<td>AMIT (Asociaci\u00f3n de Mujeres Investigadoras y Tecn\u00f3logas)<\/td>\n<td>Getting Better<\/td>\n<\/tr>\n<tr>\n<td><strong>GRAN PREMIO MEJOR IDEA<\/strong><\/td>\n<td>N\/A<\/td>\n<td>POR NO, PORNO.<\/td>\n<td>FAD<\/td>\n<td>Pink Lab<\/td>\n<\/tr>\n<\/tbody>\n<\/table>\n<p>\n<script><\/script>\n<\/p>\n<p>[\/et_pb_text][\/et_pb_column][\/et_pb_row][\/et_pb_section]<\/p>\n","protected":false},"excerpt":{"rendered":"<p>El Festival Internacional de Comunicaci\u00f3n Infantil El Chupete, que ha celebrado su XVII edici\u00f3n de nuevo de forma totalmente presencial, ya ha elegido a sus ganadores. La hist\u00f3rica marca de chocolates y dulces, Ferrero fue premiada con el Chupete Especial del Jurado por la mejor trayectoria como anunciante familiar. Asimismo, desde la organizaci\u00f3n de El [&hellip;]<\/p>\n","protected":false},"author":4,"featured_media":0,"parent":0,"menu_order":0,"comment_status":"closed","ping_status":"closed","template":"","meta":{"_acf_changed":false,"_et_pb_use_builder":"on","_et_pb_old_content":"<table>\n<tbody>\n<tr>\n<td>Categor\u00eda<\/td>\n<td>Subcategoria<\/td>\n<td>T\u00edtulo<\/td>\n<td>Anunciante<\/td>\n<td>Agencia<\/td>\n<\/tr>\n<tr>\n<td>Cine y TV<\/td>\n<td>Juegos y Juguetes<\/td>\n<td>Rebuild The World<\/td>\n<td>LEGO<\/td>\n<td>LEGO<\/td>\n<\/tr>\n<tr>\n<td>Cine\/TV<\/td>\n<td>Alimentaci\u00f3n, bebidas y productos espec\u00edfico para ni\u00f1os<\/td>\n<td>HOLA MUNDO<\/td>\n<td>Turrones Pic\u00f3<\/td>\n<td>Siberia<\/td>\n<\/tr>\n<tr>\n<td>Cine y TV<\/td>\n<td>Alimentaci\u00f3n, bebidas  y productos espec\u00edfico para ni\u00f1os<\/td>\n<td>Zapatos Hechos a 100 manos<\/td>\n<td>Pablosky<\/td>\n<td>Tactucs Europe<\/td>\n<\/tr>\n<tr>\n<td>Cine y TV<\/td>\n<td>Animaci\u00f3n y Medios de comunicaci\u00f3n, publicaciones y material escolar<\/td>\n<td>Rebuild The World<\/td>\n<td>LEGO<\/td>\n<td>LEGO<\/td>\n<\/tr>\n<tr>\n<td>CINE Y TV<\/td>\n<td>Servicios P\u00fablicos<\/td>\n<td>#NOMOREMATILDAS<\/td>\n<td>AMIT (Asociaci\u00f3n de Mujeres Investigadoras y Tecn\u00f3logas)<\/td>\n<td>Getting Better<\/td>\n<\/tr>\n<tr>\n<td>CINE Y TV<\/td>\n<td>Servicios P\u00fablicos<\/td>\n<td>12 Meses Mediaset Espa\u00f1a - D\u00cdA DEL NI\u00d1O<\/td>\n<td>Mediaset<\/td>\n<td>Mediaset Espa\u00f1a<\/td>\n<\/tr>\n<tr>\n<td>GR\u00c1FICA<\/td>\n<td>Gr\u00e1fica, Libros y Revistas<\/td>\n<td>#NOMOREMATILDAS<\/td>\n<td>AMIT (Asociaci\u00f3n de Mujeres Investigadoras y Tecn\u00f3logas)<\/td>\n<td>Getting Better<\/td>\n<\/tr>\n<tr>\n<td>GR\u00c1FICA<\/td>\n<td>Packaging y PLV<\/td>\n<td>Sani Baby - Packaging + PLV<\/td>\n<td>Sani Baby<\/td>\n<td>Berjuan<\/td>\n<\/tr>\n<tr>\n<td>Branded Content<\/td>\n<td>Primero<\/td>\n<td>Todo saldr\u00e1 bien<\/td>\n<td>BBVA<\/td>\n<td>Wink]<\/td>\n<\/tr>\n<tr>\n<td>Branded Content<\/td>\n<td>Segundo<\/td>\n<td>#HACIENDOTEPREGUNTAS<\/td>\n<td>CEU &amp; ABC<\/td>\n<td>Agencia71<\/td>\n<\/tr>\n<tr>\n<td>Digital y M\u00f3vil<\/td>\n<td>Web, APPS, Game<\/td>\n<td>Dale #Unfollow CiberBullying<\/td>\n<td>Castellana Properties<\/td>\n<td>Jumpers<\/td>\n<\/tr>\n<tr>\n<td>Digital y M\u00f3vil<\/td>\n<td>Redes Sociales y Youtube<\/td>\n<td>EL GOL 303 DE FERNANDO TORRES<\/td>\n<td>Juguettos<\/td>\n<td>Btob<\/td>\n<\/tr>\n<tr>\n<td>Digital y M\u00f3vil<\/td>\n<td>Redes Sociales y Youtube<\/td>\n<td>#NOMOREMATILDAS<\/td>\n<td>AMIT (Asociaci\u00f3n de Mujeres  Investigadoras y Tecn\u00f3logas)<\/td>\n<td>Getting Better<\/td>\n<\/tr>\n<tr>\n<td>Digital y M\u00f3vil<\/td>\n<td>Game<\/td>\n<td>La Liga Saludable  de Pl\u00e1tano de Canarias<\/td>\n<td>Pl\u00e1tano de Canarias<\/td>\n<td>The Modern Kids &amp; Family<\/td>\n<\/tr>\n<tr>\n<td>Digital y M\u00f3vil<\/td>\n<td>Campa\u00f1as Digitales \/ Dispositivos M\u00f3viles  y Nuevas Tecnolog\u00edas<\/td>\n<td>#NOMOREMATILDAS<\/td>\n<td>AMIT (Asociaci\u00f3n de Mujeres  Investigadoras y Tecn\u00f3logas)<\/td>\n<td>Getting Better<\/td>\n<\/tr>\n<tr>\n<td>Campa\u00f1a social<\/td>\n<td>Primero<\/td>\n<td>POR NO, PORNO.<\/td>\n<td>FAD<\/td>\n<td>Pink Lab<\/td>\n<\/tr>\n<tr>\n<td>Campa\u00f1a Social<\/td>\n<td>Segundo<\/td>\n<td>Defiende lo obvio<\/td>\n<td>FAD<\/td>\n<td>Arnold Madrid<\/td>\n<\/tr>\n<tr>\n<td>Campa\u00f1a Social<\/td>\n<td>Segundo<\/td>\n<td>Los amigos tambi\u00e9n curan<\/td>\n<td>Fundaci\u00f3n JuegaTerapia<\/td>\n<td>Fundaci\u00f3n JuegaTerapia<\/td>\n<\/tr>\n<tr>\n<td>Campa\u00f1a Global Comunicaci\u00f3n, Prensa y RR.PP.<\/td>\n<td>Primero<\/td>\n<td>Ready for girls<\/td>\n<td>LEGO<\/td>\n<td>LEGO<\/td>\n<\/tr>\n<tr>\n<td>Mejor Juguete<\/td>\n<td>Primero<\/td>\n<td>Barbie Astronauta<\/td>\n<td>MATTEL<\/td>\n<td>Mattel<\/td>\n<\/tr>\n<tr>\n<td>Mejor Juguete<\/td>\n<td>Segundo<\/td>\n<td>Mandala Stone<\/td>\n<td>Miniland<\/td>\n<td>Miniland<\/td>\n<\/tr>\n<tr>\n<td>Eventos y Promos<\/td>\n<td>Primero<\/td>\n<td>BARCELONA FLAGSHIP<\/td>\n<td>LEGO<\/td>\n<td>LEGO<\/td>\n<\/tr>\n<tr>\n<td>M\u00fasica, Jingles  y Radio<\/td>\n<td>Primero<\/td>\n<td>Tarritos Hero Baby<\/td>\n<td>Hero Espa\u00f1a<\/td>\n<td>Hero Espa\u00f1a<\/td>\n<\/tr>\n<tr>\n<td>GRAN PREMIO CINE\/TV<\/td>\n<td>N\/A<\/td>\n<td>Rebuild the World<\/td>\n<td>LEGO<\/td>\n<td>LEGO<\/td>\n<\/tr>\n<tr>\n<td>GRAN PREMIO DIGITAL<\/td>\n<td>N\/A<\/td>\n<td>#NOMOREMATILDAS<\/td>\n<td>AMIT (Asociaci\u00f3n de Mujeres  Investigadoras y Tecn\u00f3logas)<\/td>\n<td>Getting Better<\/td>\n<\/tr>\n<tr>\n<td>GRAN PREMIO MEJOR IDEA<\/td>\n<td>N\/A<\/td>\n<td>POR NO, PORNO.<\/td>\n<td>FAD<\/td>\n<td>Pink Lab<\/td>\n<\/tr>\n<\/tbody>\n<\/table>","_et_gb_content_width":"","footnotes":""},"class_list":["post-2476","page","type-page","status-publish","hentry"],"acf":[],"yoast_head":"<!-- This site is optimized with the Yoast SEO plugin v27.2 - https:\/\/yoast.com\/product\/yoast-seo-wordpress\/ -->\n<title>Ganadores edici\u00f3n 2021 &#8212; El Chupete<\/title>\n<meta name=\"robots\" content=\"index, follow, max-snippet:-1, max-image-preview:large, max-video-preview:-1\" \/>\n<link rel=\"canonical\" href=\"https:\/\/elchupete.com\/en\/ganadores-edicion-2021\/\" \/>\n<meta property=\"og:locale\" content=\"en_GB\" \/>\n<meta property=\"og:type\" content=\"article\" \/>\n<meta property=\"og:title\" content=\"Ganadores edici\u00f3n 2021 &#8212; El Chupete\" \/>\n<meta property=\"og:description\" content=\"El Festival Internacional de Comunicaci\u00f3n Infantil El Chupete, que ha celebrado su XVII edici\u00f3n de nuevo de forma totalmente presencial, ya ha elegido a sus ganadores. La hist\u00f3rica marca de chocolates y dulces, Ferrero fue premiada con el Chupete Especial del Jurado por la mejor trayectoria como anunciante familiar. Asimismo, desde la organizaci\u00f3n de El [&hellip;]\" \/>\n<meta property=\"og:url\" content=\"https:\/\/elchupete.com\/en\/ganadores-edicion-2021\/\" \/>\n<meta property=\"og:site_name\" content=\"El Chupete\" \/>\n<meta property=\"article:publisher\" content=\"https:\/\/www.facebook.com\/festivalelchupete\/\" \/>\n<meta property=\"article:modified_time\" content=\"2022-10-31T17:15:55+00:00\" \/>\n<meta property=\"og:image\" content=\"https:\/\/elchupete.com\/wp-content\/uploads\/2022\/09\/elchupete-logo-color.png\" \/>\n\t<meta property=\"og:image:width\" content=\"1300\" \/>\n\t<meta property=\"og:image:height\" content=\"550\" \/>\n\t<meta property=\"og:image:type\" content=\"image\/png\" \/>\n<meta name=\"twitter:card\" content=\"summary_large_image\" \/>\n<meta name=\"twitter:site\" content=\"@elchupete_com\" \/>\n<meta name=\"twitter:label1\" content=\"Estimated reading time\" \/>\n\t<meta name=\"twitter:data1\" content=\"2 minutes\" \/>\n<script type=\"application\/ld+json\" class=\"yoast-schema-graph\">{\"@context\":\"https:\/\/schema.org\",\"@graph\":[{\"@type\":\"WebPage\",\"@id\":\"https:\/\/elchupete.com\/ganadores-edicion-2021\/\",\"url\":\"https:\/\/elchupete.com\/ganadores-edicion-2021\/\",\"name\":\"Ganadores edici\u00f3n 2021 &#8212; El Chupete\",\"isPartOf\":{\"@id\":\"https:\/\/elchupete.com\/#website\"},\"datePublished\":\"2022-10-31T16:02:18+00:00\",\"dateModified\":\"2022-10-31T17:15:55+00:00\",\"breadcrumb\":{\"@id\":\"https:\/\/elchupete.com\/ganadores-edicion-2021\/#breadcrumb\"},\"inLanguage\":\"en-GB\",\"potentialAction\":[{\"@type\":\"ReadAction\",\"target\":[\"https:\/\/elchupete.com\/ganadores-edicion-2021\/\"]}]},{\"@type\":\"BreadcrumbList\",\"@id\":\"https:\/\/elchupete.com\/ganadores-edicion-2021\/#breadcrumb\",\"itemListElement\":[{\"@type\":\"ListItem\",\"position\":1,\"name\":\"Portada\",\"item\":\"https:\/\/elchupete.com\/\"},{\"@type\":\"ListItem\",\"position\":2,\"name\":\"Ganadores edici\u00f3n 2021\"}]},{\"@type\":\"WebSite\",\"@id\":\"https:\/\/elchupete.com\/#website\",\"url\":\"https:\/\/elchupete.com\/\",\"name\":\"El Chupete\",\"description\":\"Festival de Comunicaci\u00f3n Infantil\",\"publisher\":{\"@id\":\"https:\/\/elchupete.com\/#organization\"},\"potentialAction\":[{\"@type\":\"SearchAction\",\"target\":{\"@type\":\"EntryPoint\",\"urlTemplate\":\"https:\/\/elchupete.com\/?s={search_term_string}\"},\"query-input\":{\"@type\":\"PropertyValueSpecification\",\"valueRequired\":true,\"valueName\":\"search_term_string\"}}],\"inLanguage\":\"en-GB\"},{\"@type\":\"Organization\",\"@id\":\"https:\/\/elchupete.com\/#organization\",\"name\":\"El Chupete\",\"url\":\"https:\/\/elchupete.com\/\",\"logo\":{\"@type\":\"ImageObject\",\"inLanguage\":\"en-GB\",\"@id\":\"https:\/\/elchupete.com\/#\/schema\/logo\/image\/\",\"url\":\"https:\/\/elchupete.com\/wp-content\/uploads\/2022\/09\/elchupete-logo-color.png\",\"contentUrl\":\"https:\/\/elchupete.com\/wp-content\/uploads\/2022\/09\/elchupete-logo-color.png\",\"width\":1300,\"height\":550,\"caption\":\"El Chupete\"},\"image\":{\"@id\":\"https:\/\/elchupete.com\/#\/schema\/logo\/image\/\"},\"sameAs\":[\"https:\/\/www.facebook.com\/festivalelchupete\/\",\"https:\/\/x.com\/elchupete_com\",\"https:\/\/www.linkedin.com\/company\/festival-el-chupete\/?originalSubdomain=es\",\"https:\/\/www.youtube.com\/channel\/UCQQh7miXV7AGPQ0BVwzOJoA\",\"https:\/\/www.instagram.com\/elchupete_com\/\"]}]}<\/script>\n<!-- \/ Yoast SEO plugin. -->","yoast_head_json":{"title":"Ganadores edici\u00f3n 2021 &#8212; El Chupete","robots":{"index":"index","follow":"follow","max-snippet":"max-snippet:-1","max-image-preview":"max-image-preview:large","max-video-preview":"max-video-preview:-1"},"canonical":"https:\/\/elchupete.com\/en\/ganadores-edicion-2021\/","og_locale":"en_GB","og_type":"article","og_title":"Ganadores edici\u00f3n 2021 &#8212; El Chupete","og_description":"El Festival Internacional de Comunicaci\u00f3n Infantil El Chupete, que ha celebrado su XVII edici\u00f3n de nuevo de forma totalmente presencial, ya ha elegido a sus ganadores. La hist\u00f3rica marca de chocolates y dulces, Ferrero fue premiada con el Chupete Especial del Jurado por la mejor trayectoria como anunciante familiar. Asimismo, desde la organizaci\u00f3n de El [&hellip;]","og_url":"https:\/\/elchupete.com\/en\/ganadores-edicion-2021\/","og_site_name":"El Chupete","article_publisher":"https:\/\/www.facebook.com\/festivalelchupete\/","article_modified_time":"2022-10-31T17:15:55+00:00","og_image":[{"width":1300,"height":550,"url":"https:\/\/elchupete.com\/wp-content\/uploads\/2022\/09\/elchupete-logo-color.png","type":"image\/png"}],"twitter_card":"summary_large_image","twitter_site":"@elchupete_com","twitter_misc":{"Estimated reading time":"2 minutes"},"schema":{"@context":"https:\/\/schema.org","@graph":[{"@type":"WebPage","@id":"https:\/\/elchupete.com\/ganadores-edicion-2021\/","url":"https:\/\/elchupete.com\/ganadores-edicion-2021\/","name":"Ganadores edici\u00f3n 2021 &#8212; El Chupete","isPartOf":{"@id":"https:\/\/elchupete.com\/#website"},"datePublished":"2022-10-31T16:02:18+00:00","dateModified":"2022-10-31T17:15:55+00:00","breadcrumb":{"@id":"https:\/\/elchupete.com\/ganadores-edicion-2021\/#breadcrumb"},"inLanguage":"en-GB","potentialAction":[{"@type":"ReadAction","target":["https:\/\/elchupete.com\/ganadores-edicion-2021\/"]}]},{"@type":"BreadcrumbList","@id":"https:\/\/elchupete.com\/ganadores-edicion-2021\/#breadcrumb","itemListElement":[{"@type":"ListItem","position":1,"name":"Portada","item":"https:\/\/elchupete.com\/"},{"@type":"ListItem","position":2,"name":"Ganadores edici\u00f3n 2021"}]},{"@type":"WebSite","@id":"https:\/\/elchupete.com\/#website","url":"https:\/\/elchupete.com\/","name":"El Chupete","description":"Festival de Comunicaci\u00f3n Infantil","publisher":{"@id":"https:\/\/elchupete.com\/#organization"},"potentialAction":[{"@type":"SearchAction","target":{"@type":"EntryPoint","urlTemplate":"https:\/\/elchupete.com\/?s={search_term_string}"},"query-input":{"@type":"PropertyValueSpecification","valueRequired":true,"valueName":"search_term_string"}}],"inLanguage":"en-GB"},{"@type":"Organization","@id":"https:\/\/elchupete.com\/#organization","name":"El Chupete","url":"https:\/\/elchupete.com\/","logo":{"@type":"ImageObject","inLanguage":"en-GB","@id":"https:\/\/elchupete.com\/#\/schema\/logo\/image\/","url":"https:\/\/elchupete.com\/wp-content\/uploads\/2022\/09\/elchupete-logo-color.png","contentUrl":"https:\/\/elchupete.com\/wp-content\/uploads\/2022\/09\/elchupete-logo-color.png","width":1300,"height":550,"caption":"El Chupete"},"image":{"@id":"https:\/\/elchupete.com\/#\/schema\/logo\/image\/"},"sameAs":["https:\/\/www.facebook.com\/festivalelchupete\/","https:\/\/x.com\/elchupete_com","https:\/\/www.linkedin.com\/company\/festival-el-chupete\/?originalSubdomain=es","https:\/\/www.youtube.com\/channel\/UCQQh7miXV7AGPQ0BVwzOJoA","https:\/\/www.instagram.com\/elchupete_com\/"]}]}},"_links":{"self":[{"href":"https:\/\/elchupete.com\/en\/wp-json\/wp\/v2\/pages\/2476","targetHints":{"allow":["GET"]}}],"collection":[{"href":"https:\/\/elchupete.com\/en\/wp-json\/wp\/v2\/pages"}],"about":[{"href":"https:\/\/elchupete.com\/en\/wp-json\/wp\/v2\/types\/page"}],"author":[{"embeddable":true,"href":"https:\/\/elchupete.com\/en\/wp-json\/wp\/v2\/users\/4"}],"replies":[{"embeddable":true,"href":"https:\/\/elchupete.com\/en\/wp-json\/wp\/v2\/comments?post=2476"}],"version-history":[{"count":11,"href":"https:\/\/elchupete.com\/en\/wp-json\/wp\/v2\/pages\/2476\/revisions"}],"predecessor-version":[{"id":2488,"href":"https:\/\/elchupete.com\/en\/wp-json\/wp\/v2\/pages\/2476\/revisions\/2488"}],"wp:attachment":[{"href":"https:\/\/elchupete.com\/en\/wp-json\/wp\/v2\/media?parent=2476"}],"curies":[{"name":"wp","href":"https:\/\/api.w.org\/{rel}","templated":true}]}}