{"id":455,"date":"2021-04-12T16:24:26","date_gmt":"2021-04-12T16:24:26","guid":{"rendered":"http:\/\/elchupete.com\/?page_id=455"},"modified":"2023-03-13T11:09:05","modified_gmt":"2023-03-13T11:09:05","slug":"el-chupete-joven","status":"publish","type":"page","link":"https:\/\/elchupete.com\/en\/el-chupete-joven\/","title":{"rendered":"El Chupete Joven"},"content":{"rendered":"<p>[et_pb_section fb_built=\u00bb1&#8243; fullwidth=\u00bbon\u00bb _builder_version=\u00bb4.16&#8243; _module_preset=\u00bbdefault\u00bb height=\u00bb70vh\u00bb max_height=\u00bb70vh\u00bb global_colors_info=\u00bb{}\u00bb][et_pb_fullwidth_slider show_pagination=\u00bboff\u00bb _builder_version=\u00bb4.16&#8243; _module_preset=\u00bbdefault\u00bb header_font=\u00bbGotham Bold||||||||\u00bb body_font=\u00bbGotham Light||||||||\u00bb custom_button=\u00bbon\u00bb button_bg_color=\u00bbrgba(255,255,255,0.42)\u00bb button_border_width=\u00bb0px\u00bb button_border_radius=\u00bb10px\u00bb button_font=\u00bbGotham Bold||||||||\u00bb button_use_icon=\u00bboff\u00bb button_alignment=\u00bbleft\u00bb button_custom_padding=\u00bb10px||10px||true|false\u00bb text_orientation=\u00bbleft\u00bb max_width=\u00bb100%\u00bb module_alignment=\u00bbcenter\u00bb content_width=\u00bb90%\u00bb height=\u00bb70vh\u00bb max_height=\u00bb70vh\u00bb overflow-y=\u00bbauto\u00bb custom_margin=\u00bb0px|0px|0px|0px|true|true\u00bb custom_padding=\u00bb250px|0px|50px|0px|false|true\u00bb custom_padding_tablet=\u00bb200px||||false|true\u00bb custom_padding_phone=\u00bb100px|0px|100px|0px|false|true\u00bb custom_padding_last_edited=\u00bbon|desktop\u00bb global_colors_info=\u00bb{}\u00bb button_bg_color__hover_enabled=\u00bbon|hover\u00bb button_bg_color__hover=\u00bbrgba(255,255,255,0.21)\u00bb button_bg_enable_color__hover=\u00bbon\u00bb][et_pb_slide heading=\u00bbEl Chupete Joven\u00bb _builder_version=\u00bb4.16&#8243; _module_preset=\u00bbdefault\u00bb header_font=\u00bbGotham Bold||||||||\u00bb background_enable_color=\u00bboff\u00bb use_background_color_gradient=\u00bbon\u00bb background_color_gradient_direction=\u00bb90deg\u00bb background_color_gradient_stops=\u00bbrgba(4,30,66,0.88) 0%|rgba(4,30,66,0.63) 100%\u00bb background_color_gradient_start=\u00bbrgba(4,30,66,0.88)\u00bb background_color_gradient_end=\u00bbrgba(4,30,66,0.63)\u00bb background_image=\u00bbhttp:\/\/elchupete.com\/wp-content\/uploads\/2021\/04\/back6.jpg\u00bb background_enable_image=\u00bbon\u00bb background_blend=\u00bbmultiply\u00bb max_width=\u00bb1200px\u00bb custom_padding=\u00bb|500px|||false|false\u00bb custom_padding_tablet=\u00bb|200px|||false|false\u00bb custom_padding_phone=\u00bb|0px|||false|false\u00bb custom_padding_last_edited=\u00bbon|phone\u00bb header_font_size_tablet=\u00bb36px\u00bb header_font_size_phone=\u00bb36px\u00bb header_font_size_last_edited=\u00bbon|phone\u00bb global_colors_info=\u00bb{}\u00bb sticky_transition=\u00bbon\u00bb]<\/p>\n<p>Concurso de creatividad dirigido a las nuevas generaciones de la comunicaci\u00f3n con el objetivo de concienciar desde el principio del ejercicio profesional sobre la importancia de la comunicaci\u00f3n infantil responsable.<\/p>\n<p>[\/et_pb_slide][\/et_pb_fullwidth_slider][\/et_pb_section][et_pb_section fb_built=\u00bb1&#8243; _builder_version=\u00bb4.16&#8243; _module_preset=\u00bbdefault\u00bb background_image=\u00bbhttp:\/\/elchupete.com\/wp-content\/uploads\/2021\/03\/elchupete-backnotes.jpg\u00bb min_height=\u00bb600px\u00bb min_height_tablet=\u00bb\u00bb min_height_phone=\u00bb\u00bb min_height_last_edited=\u00bbon|tablet\u00bb custom_margin=\u00bb|0px||0px|false|true\u00bb custom_margin_tablet=\u00bb|0px||0px|false|true\u00bb custom_margin_phone=\u00bb|0px||0px|false|true\u00bb custom_margin_last_edited=\u00bbon|phone\u00bb custom_padding=\u00bb|25px||25px|false|true\u00bb custom_css_main_element=\u00bbdisplay: flex;||flex-direction: column;||justify-content: center;||align-items: center;\u00bb global_colors_info=\u00bb{}\u00bb][et_pb_row _builder_version=\u00bb4.16&#8243; _module_preset=\u00bbdefault\u00bb width=\u00bb100%\u00bb max_width=\u00bb1200px\u00bb locked=\u00bboff\u00bb global_colors_info=\u00bb{}\u00bb][et_pb_column type=\u00bb4_4&#8243; _builder_version=\u00bb4.16&#8243; _module_preset=\u00bbdefault\u00bb global_colors_info=\u00bb{}\u00bb][et_pb_text _builder_version=\u00bb4.16&#8243; _module_preset=\u00bbdefault\u00bb header_text_color=\u00bb#226ea6&#8243; header_3_font=\u00bbGotham Bold||||||||\u00bb header_3_text_align=\u00bbleft\u00bb header_3_text_color=\u00bb#226ea6&#8243; header_3_font_size=\u00bb34px\u00bb global_colors_info=\u00bb{}\u00bb]<\/p>\n<h3>Historia<\/h3>\n<p>[\/et_pb_text][et_pb_text _builder_version=\u00bb4.16&#8243; _module_preset=\u00bbdefault\u00bb text_font=\u00bbGotham Light||||||||\u00bb text_text_color=\u00bb#041e42&#8243; text_font_size=\u00bb16px\u00bb header_text_color=\u00bb#226ea6&#8243; header_3_font=\u00bbGotham Bold||||||||\u00bb header_3_text_align=\u00bbleft\u00bb header_3_text_color=\u00bb#226ea6&#8243; header_3_font_size=\u00bb34px\u00bb global_colors_info=\u00bb{}\u00bb]<\/p>\n<p>El Chupete Joven es un premio que empez\u00f3 en torno a la 2a Edici\u00f3n de El Chupete y se otorga al <strong>mejor spot realizado entre universitarios<\/strong>. La tem\u00e1tica del spot ser\u00e1 la determinada por el brief de la marca.<\/p>\n<p>Una gran oportunidad para dar a conocer el talento de las nuevas generaciones de la comunicaci\u00f3n as\u00ed como para concienciar desde el principio del ejercicio profesional de la importancia de la comunicaci\u00f3n infantil y juvenil responsable.<\/p>\n<p>[\/et_pb_text][et_pb_text _builder_version=\u00bb4.16&#8243; _module_preset=\u00bbdefault\u00bb header_text_color=\u00bb#226ea6&#8243; header_3_font=\u00bbGotham Bold||||||||\u00bb header_3_text_align=\u00bbleft\u00bb header_3_text_color=\u00bb#226ea6&#8243; header_3_font_size=\u00bb34px\u00bb global_colors_info=\u00bb{}\u00bb]<\/p>\n<h3>\u00bfA qui\u00e9n va dirigido?<\/h3>\n<p>[\/et_pb_text][et_pb_text _builder_version=\u00bb4.16&#8243; _module_preset=\u00bbdefault\u00bb text_font=\u00bbGotham Light||||||||\u00bb text_text_color=\u00bb#041e42&#8243; text_font_size=\u00bb16px\u00bb header_text_color=\u00bb#226ea6&#8243; header_3_font=\u00bbGotham Bold||||||||\u00bb header_3_text_align=\u00bbleft\u00bb header_3_text_color=\u00bb#226ea6&#8243; header_3_font_size=\u00bb34px\u00bb global_colors_info=\u00bb{}\u00bb]<\/p>\n<p>Este concurso premia el mejor ejercicio de comunicaci\u00f3n realizado por estudiantes <strong>universitarios y j\u00f3venes creativos de entre 18 y 25 a\u00f1os<\/strong>. El objetivo es que puedan ganar experiencia acad\u00e9mica trabajando en briefs reales.<\/p>\n<p>[\/et_pb_text][et_pb_text _builder_version=\u00bb4.16&#8243; _module_preset=\u00bbdefault\u00bb header_text_color=\u00bb#226ea6&#8243; header_3_font=\u00bbGotham Bold||||||||\u00bb header_3_text_align=\u00bbleft\u00bb header_3_text_color=\u00bb#226ea6&#8243; header_3_font_size=\u00bb34px\u00bb global_colors_info=\u00bb{}\u00bb]<\/p>\n<h3>El \u00faltimo Chupete Joven<\/h3>\n<p>[\/et_pb_text][et_pb_text _builder_version=\u00bb4.16&#8243; _module_preset=\u00bbdefault\u00bb text_font=\u00bbGotham Light||||||||\u00bb text_text_color=\u00bb#041e42&#8243; text_font_size=\u00bb16px\u00bb header_text_color=\u00bb#226ea6&#8243; header_3_font=\u00bbGotham Bold||||||||\u00bb header_3_text_align=\u00bbleft\u00bb header_3_text_color=\u00bb#226ea6&#8243; header_3_font_size=\u00bb34px\u00bb global_colors_info=\u00bb{}\u00bb]<\/p>\n<p>La \u00faltima edici\u00f3n ha contado con la colaboraci\u00f3n de la C\u00e1tedra de Comunicaci\u00f3n Digital en Infancia y Adolescencia de la <strong>Universidad Complutense de Madrid<\/strong>. Descubre a sus ganadoras y en qu\u00e9 consisti\u00f3 esta edici\u00f3n a trav\u00e9s del siguiente <strong><span style=\"text-decoration: underline;\"><a href=\"http:\/\/elchupete.com\/la-ultima-edicion-de-el-chupete-joven-ya-tiene-ganadores\/\">enlace<\/a><\/span><\/strong>.<\/p>\n<p>[\/et_pb_text][\/et_pb_column][\/et_pb_row][\/et_pb_section][et_pb_section fb_built=\u00bb1&#8243; _builder_version=\u00bb4.19.4&#8243; _module_preset=\u00bbdefault\u00bb background_image=\u00bbhttp:\/\/elchupete.com\/wp-content\/uploads\/2021\/03\/elchupete-backnotes.jpg\u00bb locked=\u00bboff\u00bb global_colors_info=\u00bb{}\u00bb][et_pb_row _builder_version=\u00bb4.16&#8243; _module_preset=\u00bbdefault\u00bb global_colors_info=\u00bb{}\u00bb][et_pb_column type=\u00bb4_4&#8243; _builder_version=\u00bb4.16&#8243; _module_preset=\u00bbdefault\u00bb global_colors_info=\u00bb{}\u00bb][et_pb_gallery gallery_ids=\u00bb3187,3188,3189,3190,3191,3192,3193,3194&#8243; fullwidth=\u00bbon\u00bb _builder_version=\u00bb4.19.4&#8243; _module_preset=\u00bbdefault\u00bb hover_enabled=\u00bb0&#8243; global_colors_info=\u00bb{}\u00bb sticky_enabled=\u00bb0&#8243;][\/et_pb_gallery][et_pb_gallery gallery_ids=\u00bb3194,3193,3192,3191,3190,3189,3188,3187&#8243; admin_label=\u00bbRejilla\u00bb _builder_version=\u00bb4.19.4&#8243; _module_preset=\u00bbdefault\u00bb hover_enabled=\u00bb0&#8243; global_colors_info=\u00bb{}\u00bb pagination_text_color=\u00bb#041e42&#8243; sticky_enabled=\u00bb0&#8243; pagination_font=\u00bbGotham Medium||||||||\u00bb][\/et_pb_gallery][\/et_pb_column][\/et_pb_row][\/et_pb_section]<\/p>\n","protected":false},"excerpt":{"rendered":"<p>Concurso de creatividad dirigido a las nuevas generaciones de la comunicaci\u00f3n con el objetivo de concienciar desde el principio del ejercicio profesional sobre la importancia de la comunicaci\u00f3n infantil responsable.HistoriaEl Chupete Joven es un premio que empez\u00f3 en torno a la 2a Edici\u00f3n de El Chupete y se otorga al mejor spot realizado entre universitarios. [&hellip;]<\/p>\n","protected":false},"author":1,"featured_media":0,"parent":0,"menu_order":0,"comment_status":"closed","ping_status":"closed","template":"","meta":{"_acf_changed":false,"_et_pb_use_builder":"on","_et_pb_old_content":"","_et_gb_content_width":"","footnotes":""},"class_list":["post-455","page","type-page","status-publish","hentry"],"acf":[],"yoast_head":"<!-- This site is optimized with the Yoast SEO plugin v27.5 - https:\/\/yoast.com\/product\/yoast-seo-wordpress\/ -->\n<title>El Chupete - El Chupete Joven<\/title>\n<meta name=\"description\" content=\"El Chupete Joven es un concurso de creatividad entre universitarios dirigido a las nuevas generaciones de la comunicaci\u00f3n.\" \/>\n<meta name=\"robots\" content=\"index, follow, max-snippet:-1, max-image-preview:large, max-video-preview:-1\" \/>\n<link rel=\"canonical\" href=\"https:\/\/elchupete.com\/en\/el-chupete-joven\/\" \/>\n<meta property=\"og:locale\" content=\"en_GB\" \/>\n<meta property=\"og:type\" content=\"article\" \/>\n<meta property=\"og:title\" content=\"El Chupete - El Chupete Joven\" \/>\n<meta property=\"og:description\" content=\"El Chupete Joven es un concurso de creatividad entre universitarios dirigido a las nuevas generaciones de la comunicaci\u00f3n.\" \/>\n<meta property=\"og:url\" content=\"https:\/\/elchupete.com\/en\/el-chupete-joven\/\" \/>\n<meta property=\"og:site_name\" content=\"El Chupete\" \/>\n<meta property=\"article:publisher\" content=\"https:\/\/www.facebook.com\/festivalelchupete\/\" \/>\n<meta property=\"article:modified_time\" content=\"2023-03-13T11:09:05+00:00\" \/>\n<meta property=\"og:image\" content=\"https:\/\/elchupete.com\/wp-content\/uploads\/2022\/09\/elchupete-logo-color.png\" \/>\n\t<meta property=\"og:image:width\" content=\"1300\" \/>\n\t<meta property=\"og:image:height\" content=\"550\" \/>\n\t<meta property=\"og:image:type\" content=\"image\/png\" \/>\n<meta name=\"twitter:card\" content=\"summary_large_image\" \/>\n<meta name=\"twitter:site\" content=\"@elchupete_com\" \/>\n<meta name=\"twitter:label1\" content=\"Estimated reading time\" \/>\n\t<meta name=\"twitter:data1\" content=\"2 minutes\" \/>\n<script type=\"application\/ld+json\" class=\"yoast-schema-graph\">{\"@context\":\"https:\\\/\\\/schema.org\",\"@graph\":[{\"@type\":\"WebPage\",\"@id\":\"https:\\\/\\\/elchupete.com\\\/el-chupete-joven\\\/\",\"url\":\"https:\\\/\\\/elchupete.com\\\/el-chupete-joven\\\/\",\"name\":\"El Chupete - El Chupete Joven\",\"isPartOf\":{\"@id\":\"https:\\\/\\\/elchupete.com\\\/#website\"},\"datePublished\":\"2021-04-12T16:24:26+00:00\",\"dateModified\":\"2023-03-13T11:09:05+00:00\",\"description\":\"El Chupete Joven es un concurso de creatividad entre universitarios dirigido a las nuevas generaciones de la comunicaci\u00f3n.\",\"breadcrumb\":{\"@id\":\"https:\\\/\\\/elchupete.com\\\/el-chupete-joven\\\/#breadcrumb\"},\"inLanguage\":\"en-GB\",\"potentialAction\":[{\"@type\":\"ReadAction\",\"target\":[\"https:\\\/\\\/elchupete.com\\\/el-chupete-joven\\\/\"]}]},{\"@type\":\"BreadcrumbList\",\"@id\":\"https:\\\/\\\/elchupete.com\\\/el-chupete-joven\\\/#breadcrumb\",\"itemListElement\":[{\"@type\":\"ListItem\",\"position\":1,\"name\":\"Portada\",\"item\":\"https:\\\/\\\/elchupete.com\\\/\"},{\"@type\":\"ListItem\",\"position\":2,\"name\":\"El Chupete Joven\"}]},{\"@type\":\"WebSite\",\"@id\":\"https:\\\/\\\/elchupete.com\\\/#website\",\"url\":\"https:\\\/\\\/elchupete.com\\\/\",\"name\":\"El Chupete\",\"description\":\"Festival de Comunicaci\u00f3n Infantil\",\"publisher\":{\"@id\":\"https:\\\/\\\/elchupete.com\\\/#organization\"},\"potentialAction\":[{\"@type\":\"SearchAction\",\"target\":{\"@type\":\"EntryPoint\",\"urlTemplate\":\"https:\\\/\\\/elchupete.com\\\/?s={search_term_string}\"},\"query-input\":{\"@type\":\"PropertyValueSpecification\",\"valueRequired\":true,\"valueName\":\"search_term_string\"}}],\"inLanguage\":\"en-GB\"},{\"@type\":\"Organization\",\"@id\":\"https:\\\/\\\/elchupete.com\\\/#organization\",\"name\":\"El Chupete\",\"url\":\"https:\\\/\\\/elchupete.com\\\/\",\"logo\":{\"@type\":\"ImageObject\",\"inLanguage\":\"en-GB\",\"@id\":\"https:\\\/\\\/elchupete.com\\\/#\\\/schema\\\/logo\\\/image\\\/\",\"url\":\"https:\\\/\\\/elchupete.com\\\/wp-content\\\/uploads\\\/2022\\\/09\\\/elchupete-logo-color.png\",\"contentUrl\":\"https:\\\/\\\/elchupete.com\\\/wp-content\\\/uploads\\\/2022\\\/09\\\/elchupete-logo-color.png\",\"width\":1300,\"height\":550,\"caption\":\"El Chupete\"},\"image\":{\"@id\":\"https:\\\/\\\/elchupete.com\\\/#\\\/schema\\\/logo\\\/image\\\/\"},\"sameAs\":[\"https:\\\/\\\/www.facebook.com\\\/festivalelchupete\\\/\",\"https:\\\/\\\/x.com\\\/elchupete_com\",\"https:\\\/\\\/www.linkedin.com\\\/company\\\/festival-el-chupete\\\/?originalSubdomain=es\",\"https:\\\/\\\/www.youtube.com\\\/channel\\\/UCQQh7miXV7AGPQ0BVwzOJoA\",\"https:\\\/\\\/www.instagram.com\\\/elchupete_com\\\/\"]}]}<\/script>\n<!-- \/ Yoast SEO plugin. -->","yoast_head_json":{"title":"El Chupete - El Chupete Joven","description":"El Chupete Joven es un concurso de creatividad entre universitarios dirigido a las nuevas generaciones de la comunicaci\u00f3n.","robots":{"index":"index","follow":"follow","max-snippet":"max-snippet:-1","max-image-preview":"max-image-preview:large","max-video-preview":"max-video-preview:-1"},"canonical":"https:\/\/elchupete.com\/en\/el-chupete-joven\/","og_locale":"en_GB","og_type":"article","og_title":"El Chupete - El Chupete Joven","og_description":"El Chupete Joven es un concurso de creatividad entre universitarios dirigido a las nuevas generaciones de la comunicaci\u00f3n.","og_url":"https:\/\/elchupete.com\/en\/el-chupete-joven\/","og_site_name":"El Chupete","article_publisher":"https:\/\/www.facebook.com\/festivalelchupete\/","article_modified_time":"2023-03-13T11:09:05+00:00","og_image":[{"width":1300,"height":550,"url":"https:\/\/elchupete.com\/wp-content\/uploads\/2022\/09\/elchupete-logo-color.png","type":"image\/png"}],"twitter_card":"summary_large_image","twitter_site":"@elchupete_com","twitter_misc":{"Estimated reading time":"2 minutes"},"schema":{"@context":"https:\/\/schema.org","@graph":[{"@type":"WebPage","@id":"https:\/\/elchupete.com\/el-chupete-joven\/","url":"https:\/\/elchupete.com\/el-chupete-joven\/","name":"El Chupete - El Chupete Joven","isPartOf":{"@id":"https:\/\/elchupete.com\/#website"},"datePublished":"2021-04-12T16:24:26+00:00","dateModified":"2023-03-13T11:09:05+00:00","description":"El Chupete Joven es un concurso de creatividad entre universitarios dirigido a las nuevas generaciones de la comunicaci\u00f3n.","breadcrumb":{"@id":"https:\/\/elchupete.com\/el-chupete-joven\/#breadcrumb"},"inLanguage":"en-GB","potentialAction":[{"@type":"ReadAction","target":["https:\/\/elchupete.com\/el-chupete-joven\/"]}]},{"@type":"BreadcrumbList","@id":"https:\/\/elchupete.com\/el-chupete-joven\/#breadcrumb","itemListElement":[{"@type":"ListItem","position":1,"name":"Portada","item":"https:\/\/elchupete.com\/"},{"@type":"ListItem","position":2,"name":"El Chupete Joven"}]},{"@type":"WebSite","@id":"https:\/\/elchupete.com\/#website","url":"https:\/\/elchupete.com\/","name":"El Chupete","description":"Festival de Comunicaci\u00f3n Infantil","publisher":{"@id":"https:\/\/elchupete.com\/#organization"},"potentialAction":[{"@type":"SearchAction","target":{"@type":"EntryPoint","urlTemplate":"https:\/\/elchupete.com\/?s={search_term_string}"},"query-input":{"@type":"PropertyValueSpecification","valueRequired":true,"valueName":"search_term_string"}}],"inLanguage":"en-GB"},{"@type":"Organization","@id":"https:\/\/elchupete.com\/#organization","name":"El Chupete","url":"https:\/\/elchupete.com\/","logo":{"@type":"ImageObject","inLanguage":"en-GB","@id":"https:\/\/elchupete.com\/#\/schema\/logo\/image\/","url":"https:\/\/elchupete.com\/wp-content\/uploads\/2022\/09\/elchupete-logo-color.png","contentUrl":"https:\/\/elchupete.com\/wp-content\/uploads\/2022\/09\/elchupete-logo-color.png","width":1300,"height":550,"caption":"El Chupete"},"image":{"@id":"https:\/\/elchupete.com\/#\/schema\/logo\/image\/"},"sameAs":["https:\/\/www.facebook.com\/festivalelchupete\/","https:\/\/x.com\/elchupete_com","https:\/\/www.linkedin.com\/company\/festival-el-chupete\/?originalSubdomain=es","https:\/\/www.youtube.com\/channel\/UCQQh7miXV7AGPQ0BVwzOJoA","https:\/\/www.instagram.com\/elchupete_com\/"]}]}},"_links":{"self":[{"href":"https:\/\/elchupete.com\/en\/wp-json\/wp\/v2\/pages\/455","targetHints":{"allow":["GET"]}}],"collection":[{"href":"https:\/\/elchupete.com\/en\/wp-json\/wp\/v2\/pages"}],"about":[{"href":"https:\/\/elchupete.com\/en\/wp-json\/wp\/v2\/types\/page"}],"author":[{"embeddable":true,"href":"https:\/\/elchupete.com\/en\/wp-json\/wp\/v2\/users\/1"}],"replies":[{"embeddable":true,"href":"https:\/\/elchupete.com\/en\/wp-json\/wp\/v2\/comments?post=455"}],"version-history":[{"count":15,"href":"https:\/\/elchupete.com\/en\/wp-json\/wp\/v2\/pages\/455\/revisions"}],"predecessor-version":[{"id":3197,"href":"https:\/\/elchupete.com\/en\/wp-json\/wp\/v2\/pages\/455\/revisions\/3197"}],"wp:attachment":[{"href":"https:\/\/elchupete.com\/en\/wp-json\/wp\/v2\/media?parent=455"}],"curies":[{"name":"wp","href":"https:\/\/api.w.org\/{rel}","templated":true}]}}