{"id":468,"date":"2021-04-12T16:45:40","date_gmt":"2021-04-12T16:45:40","guid":{"rendered":"http:\/\/elchupete.com\/?page_id=468"},"modified":"2023-03-07T15:32:37","modified_gmt":"2023-03-07T15:32:37","slug":"el-chupete-talks","status":"publish","type":"page","link":"https:\/\/elchupete.com\/en\/el-chupete-talks\/","title":{"rendered":"El Chupete Talks"},"content":{"rendered":"<p>[et_pb_section fb_built=\u00bb1&#8243; fullwidth=\u00bbon\u00bb _builder_version=\u00bb4.16&#8243; _module_preset=\u00bbdefault\u00bb height=\u00bb70vh\u00bb max_height=\u00bb70vh\u00bb global_colors_info=\u00bb{}\u00bb][et_pb_fullwidth_slider show_pagination=\u00bboff\u00bb _builder_version=\u00bb4.16&#8243; _module_preset=\u00bbdefault\u00bb header_font=\u00bbGotham Bold||||||||\u00bb body_font=\u00bbGotham Light||||||||\u00bb custom_button=\u00bbon\u00bb button_bg_color=\u00bbrgba(255,255,255,0.42)\u00bb button_border_width=\u00bb0px\u00bb button_border_radius=\u00bb10px\u00bb button_font=\u00bbGotham Bold||||||||\u00bb button_use_icon=\u00bboff\u00bb button_alignment=\u00bbleft\u00bb button_custom_padding=\u00bb10px||10px||true|false\u00bb text_orientation=\u00bbleft\u00bb max_width=\u00bb100%\u00bb module_alignment=\u00bbcenter\u00bb content_width=\u00bb90%\u00bb height=\u00bb70vh\u00bb max_height=\u00bb70vh\u00bb overflow-y=\u00bbauto\u00bb custom_margin=\u00bb0px|0px|0px|0px|true|true\u00bb custom_padding=\u00bb250px|500px|50px|0px|false|false\u00bb custom_padding_tablet=\u00bb200px|200px|||false|false\u00bb custom_padding_phone=\u00bb100px|0px|100px|0px|false|false\u00bb custom_padding_last_edited=\u00bbon|phone\u00bb header_font_size_tablet=\u00bb36px\u00bb header_font_size_phone=\u00bb36px\u00bb header_font_size_last_edited=\u00bbon|desktop\u00bb global_colors_info=\u00bb{}\u00bb button_bg_color__hover_enabled=\u00bbon|hover\u00bb button_bg_color__hover=\u00bbrgba(255,255,255,0.21)\u00bb button_bg_enable_color__hover=\u00bbon\u00bb][et_pb_slide heading=\u00bbEl Chupete Talks\u00bb _builder_version=\u00bb4.16&#8243; _module_preset=\u00bbdefault\u00bb header_font=\u00bbGotham Bold||||||||\u00bb background_enable_color=\u00bboff\u00bb use_background_color_gradient=\u00bbon\u00bb background_color_gradient_direction=\u00bb90deg\u00bb background_color_gradient_stops=\u00bbrgba(4,30,66,0.85) 0%|rgba(4,30,66,0.55) 100%\u00bb background_color_gradient_start=\u00bbrgba(4,30,66,0.85)\u00bb background_color_gradient_end=\u00bbrgba(4,30,66,0.55)\u00bb background_image=\u00bbhttp:\/\/elchupete.com\/wp-content\/uploads\/2021\/04\/back8.jpg\u00bb background_enable_image=\u00bbon\u00bb background_blend=\u00bbmultiply\u00bb max_width=\u00bb1200px\u00bb global_colors_info=\u00bb{}\u00bb sticky_transition=\u00bbon\u00bb]Reuniones y charlas presenciales o en l\u00ednea entre amigos de El Chupete.[\/et_pb_slide][\/et_pb_fullwidth_slider][\/et_pb_section][et_pb_section fb_built=\u00bb1&#8243; _builder_version=\u00bb4.16&#8243; _module_preset=\u00bbdefault\u00bb background_image=\u00bbhttp:\/\/elchupete.com\/wp-content\/uploads\/2021\/03\/elchupete-backnotes.jpg\u00bb min_height_tablet=\u00bb\u00bb min_height_phone=\u00bb\u00bb min_height_last_edited=\u00bbon|tablet\u00bb custom_margin=\u00bb|0px||0px|false|true\u00bb custom_margin_tablet=\u00bb|0px||0px|false|true\u00bb custom_margin_phone=\u00bb|0px||0px|false|true\u00bb custom_margin_last_edited=\u00bbon|phone\u00bb custom_padding=\u00bb|25px||25px|false|true\u00bb custom_css_main_element=\u00bbdisplay: flex;||flex-direction: column;||justify-content: center;||align-items: center;\u00bb global_colors_info=\u00bb{}\u00bb][et_pb_row _builder_version=\u00bb4.16&#8243; _module_preset=\u00bbdefault\u00bb width=\u00bb100%\u00bb max_width=\u00bb1200px\u00bb locked=\u00bboff\u00bb global_colors_info=\u00bb{}\u00bb][et_pb_column type=\u00bb4_4&#8243; _builder_version=\u00bb4.16&#8243; _module_preset=\u00bbdefault\u00bb global_colors_info=\u00bb{}\u00bb][et_pb_text _builder_version=\u00bb4.16&#8243; _module_preset=\u00bbdefault\u00bb header_text_color=\u00bb#226ea6&#8243; header_3_font=\u00bbGotham Bold||||||||\u00bb header_3_text_align=\u00bbleft\u00bb header_3_text_color=\u00bb#226ea6&#8243; header_3_font_size=\u00bb34px\u00bb custom_margin=\u00bb||0px||false|false\u00bb custom_padding=\u00bb0px||15px||false|false\u00bb global_colors_info=\u00bb{}\u00bb]<\/p>\n<h3>\u00bfQu\u00e9 son?<\/h3>\n<p>[\/et_pb_text][et_pb_text _builder_version=\u00bb4.16&#8243; _module_preset=\u00bbdefault\u00bb text_font=\u00bbGotham Light||||||||\u00bb text_text_color=\u00bb#041e42&#8243; text_font_size=\u00bb16px\u00bb header_text_color=\u00bb#226ea6&#8243; header_3_font=\u00bbGotham Bold||||||||\u00bb header_3_text_align=\u00bbleft\u00bb header_3_text_color=\u00bb#226ea6&#8243; header_3_font_size=\u00bb34px\u00bb custom_padding=\u00bb||30px||false|false\u00bb global_colors_info=\u00bb{}\u00bb]<\/p>\n<p>En nuestro compromiso por promover el debate sobre temas de actualidad y dinamizar foros de informaci\u00f3n e intercambio de conocimientos, presentamos el espacio <strong>\u00abAMKT-El Chupete Talks\u00bb<\/strong> junto a la Asociaci\u00f3n de Marketing de Espa\u00f1a <a href=\"https:\/\/www.asociacionmkt.es\/\" target=\"_blank\" rel=\"noopener\"><span style=\"text-decoration: underline;\"><strong>AMKT<\/strong><\/span><\/a>.<\/p>\n<p>Un foro de debate, creado junto al festival \u00abEl Chupete\u00bb, para hablar de diferentes casos de \u00e9xito relacionados con el mundo de las marcas infantiles. Estas charlas nos permitir\u00e1n conocer en profundidad muchos de los casos de las marcas que participan anualmente en el festival infantil y juvenil de la mano del anunciante y de las agencias.<\/p>\n<p>[\/et_pb_text][\/et_pb_column][\/et_pb_row][\/et_pb_section][et_pb_section fb_built=\u00bb1&#8243; _builder_version=\u00bb4.16&#8243; _module_preset=\u00bbdefault\u00bb background_image=\u00bbhttp:\/\/elchupete.com\/wp-content\/uploads\/2021\/03\/elchupete-backnotes.jpg\u00bb min_height_tablet=\u00bb\u00bb min_height_phone=\u00bb\u00bb min_height_last_edited=\u00bbon|tablet\u00bb custom_margin=\u00bb|0px||0px|false|true\u00bb custom_margin_tablet=\u00bb|0px||0px|false|true\u00bb custom_margin_phone=\u00bb|0px||0px|false|true\u00bb custom_margin_last_edited=\u00bbon|phone\u00bb custom_padding=\u00bb|25px||25px|false|true\u00bb custom_css_main_element=\u00bbdisplay: flex;||flex-direction: column;||justify-content: center;||align-items: center;\u00bb global_colors_info=\u00bb{}\u00bb][et_pb_row _builder_version=\u00bb4.16&#8243; _module_preset=\u00bbdefault\u00bb width=\u00bb100%\u00bb max_width=\u00bb1200px\u00bb locked=\u00bboff\u00bb global_colors_info=\u00bb{}\u00bb][et_pb_column type=\u00bb4_4&#8243; _builder_version=\u00bb4.16&#8243; _module_preset=\u00bbdefault\u00bb global_colors_info=\u00bb{}\u00bb][et_pb_text _builder_version=\u00bb4.16&#8243; _module_preset=\u00bbdefault\u00bb header_text_color=\u00bb#226ea6&#8243; header_3_font=\u00bbGotham Bold||||||||\u00bb header_3_text_align=\u00bbleft\u00bb header_3_text_color=\u00bb#226ea6&#8243; header_3_font_size=\u00bb34px\u00bb custom_margin=\u00bb||0px||false|false\u00bb custom_padding=\u00bb||15px||false|false\u00bb global_colors_info=\u00bb{}\u00bb]<\/p>\n<h3>Ediciones anteriores<\/h3>\n<p>[\/et_pb_text][et_pb_text _builder_version=\u00bb4.16&#8243; _module_preset=\u00bbdefault\u00bb text_font=\u00bbGotham Light||||||||\u00bb text_text_color=\u00bb#041e42&#8243; text_font_size=\u00bb16px\u00bb header_text_color=\u00bb#226ea6&#8243; header_3_font=\u00bbGotham Bold||||||||\u00bb header_3_text_align=\u00bbleft\u00bb header_3_text_color=\u00bb#226ea6&#8243; header_3_font_size=\u00bb34px\u00bb global_colors_info=\u00bb{}\u00bb]<\/p>\n<p>Descubre en este espacio, las \u00faltimas charlas organizadas por El Chupete Talks:<\/p>\n<p>[\/et_pb_text][\/et_pb_column][\/et_pb_row][et_pb_row column_structure=\u00bb1_2,1_2&#8243; use_custom_gutter=\u00bbon\u00bb gutter_width=\u00bb1&#8243; make_equal=\u00bbon\u00bb _builder_version=\u00bb4.19.4&#8243; _module_preset=\u00bbdefault\u00bb width=\u00bb100%\u00bb max_width=\u00bb1200px\u00bb global_colors_info=\u00bb{}\u00bb][et_pb_column type=\u00bb1_2&#8243; _builder_version=\u00bb4.19.4&#8243; _module_preset=\u00bbdefault\u00bb background_color=\u00bbgcid-acbd5969-9d5f-4bea-a694-e0e16adbbd29&#8243; background_image=\u00bbhttp:\/\/elchupete.com\/wp-content\/uploads\/2023\/01\/elchupete-talks-1.jpg\u00bb background_blend=\u00bbmultiply\u00bb border_radii=\u00bboff|20px|||20px\u00bb border_radii_tablet=\u00bboff|20px|20px||0px\u00bb border_radii_phone=\u00bboff|20px|20px||0px\u00bb border_radii_last_edited=\u00bbon|tablet\u00bb global_colors_info=\u00bb{%22gcid-acbd5969-9d5f-4bea-a694-e0e16adbbd29%22:%91%22background_color%22%93}\u00bb][et_pb_divider show_divider=\u00bboff\u00bb _builder_version=\u00bb4.18.0&#8243; _module_preset=\u00bbdefault\u00bb height_tablet=\u00bb40vw\u00bb height_phone=\u00bb40vw\u00bb height_last_edited=\u00bbon|tablet\u00bb locked=\u00bboff\u00bb global_colors_info=\u00bb{}\u00bb][\/et_pb_divider][\/et_pb_column][et_pb_column type=\u00bb1_2&#8243; _builder_version=\u00bb4.19.4&#8243; _module_preset=\u00bbdefault\u00bb background_color=\u00bbgcid-e850ad88-05af-4ed0-bc88-7082de258f33&#8243; custom_padding=\u00bb60px|60px|60px|60px|true|true\u00bb custom_padding_tablet=\u00bb30px|30px|30px|30px|true|true\u00bb custom_padding_phone=\u00bb20px|20px|20px|20px|true|true\u00bb custom_padding_last_edited=\u00bbon|phone\u00bb border_radii=\u00bboff||20px|20px|\u00bb border_radii_tablet=\u00bboff||0px|20px|20px\u00bb border_radii_phone=\u00bboff||0px|20px|20px\u00bb border_radii_last_edited=\u00bbon|phone\u00bb global_colors_info=\u00bb{%22gcid-e850ad88-05af-4ed0-bc88-7082de258f33%22:%91%22background_color%22%93}\u00bb][et_pb_text _builder_version=\u00bb4.19.4&#8243; _module_preset=\u00bb78300d5d-b0d7-412a-b581-f43cb4592905&#8243; header_5_font=\u00bbGotham Book|900|||||||\u00bb header_5_font_size=\u00bb18px\u00bb header_5_line_height=\u00bb1.2em\u00bb background_layout=\u00bbdark\u00bb custom_margin=\u00bb||0px||false|false\u00bb header_5_font_size_tablet=\u00bb16px\u00bb header_5_font_size_phone=\u00bb14px\u00bb header_5_font_size_last_edited=\u00bbon|phone\u00bb global_colors_info=\u00bb{}\u00bb]<\/p>\n<h5>#2 EL CHUPETE TALKS<\/h5>\n<p>[\/et_pb_text][et_pb_text _builder_version=\u00bb4.19.4&#8243; _module_preset=\u00bbb327cbe4-b1d5-4b66-ad37-40c8f2f061ba\u00bb header_font=\u00bbGotham Bold||||||||\u00bb header_2_font=\u00bbGotham Bold||||||||\u00bb header_2_font_size=\u00bb46px\u00bb header_2_line_height=\u00bb1.2em\u00bb header_3_font=\u00bbGotham Bold||||||||\u00bb header_4_font=\u00bbGotham Bold||||||||\u00bb header_5_font=\u00bbGotham Bold||||||||\u00bb header_6_font=\u00bbGotham Bold||||||||\u00bb background_layout=\u00bbdark\u00bb header_2_font_size_tablet=\u00bb32px\u00bb header_2_font_size_phone=\u00bb20px\u00bb header_2_font_size_last_edited=\u00bbon|desktop\u00bb global_colors_info=\u00bb{}\u00bb]<\/p>\n<h2>Rompiendo estereotipos<\/h2>\n<p>[\/et_pb_text][et_pb_text _builder_version=\u00bb4.19.4&#8243; _module_preset=\u00bb1f09816e-184e-4ce5-a4cf-b39c52c423ca\u00bb text_font=\u00bbPT Sans||||||||\u00bb text_font_size=\u00bb16px\u00bb text_line_height=\u00bb1.4em\u00bb background_layout=\u00bbdark\u00bb custom_margin=\u00bb||30px||false|false\u00bb text_font_size_tablet=\u00bb15px\u00bb text_font_size_phone=\u00bb14px\u00bb text_font_size_last_edited=\u00bbon|phone\u00bb header_font_size_tablet=\u00bb55px\u00bb header_font_size_last_edited=\u00bboff|desktop\u00bb global_colors_info=\u00bb{}\u00bb]Espacio MEEU<br \/>\n8 de marzo 2022<\/p>\n<p>Participantes:<\/p>\n<ul class=\"lista1\">\n<li>AMKT<\/li>\n<li>Nort3<\/li>\n<li>BBVA y Wink<\/li>\n<li>FAD<\/li>\n<li>The Pink Lab<\/li>\n<\/ul>\n<p>[\/et_pb_text][et_pb_button button_url=\u00bb@ET-DC@eyJkeW5hbWljIjp0cnVlLCJjb250ZW50IjoicG9zdF9saW5rX3VybF9wb3N0Iiwic2V0dGluZ3MiOnsicG9zdF9pZCI6IjE4NDAifX0=@\u00bb button_text=\u00bbSaber m\u00e1s\u00bb button_alignment=\u00bbleft\u00bb _builder_version=\u00bb4.19.4&#8243; _dynamic_attributes=\u00bbbutton_url\u00bb _module_preset=\u00bbdefault\u00bb custom_button=\u00bbon\u00bb button_text_color=\u00bb#FFFFFF\u00bb button_bg_color=\u00bbrgba(255,255,255,0.42)\u00bb button_border_width=\u00bb0px\u00bb button_border_radius=\u00bb10px\u00bb button_font=\u00bbGotham Bold||||||||\u00bb button_use_icon=\u00bboff\u00bb global_colors_info=\u00bb{}\u00bb button_bg_color__hover=\u00bbrgba(255,255,255,0.21)\u00bb button_bg_color__hover_enabled=\u00bbon|hover\u00bb][\/et_pb_button][\/et_pb_column][\/et_pb_row][et_pb_row column_structure=\u00bb1_2,1_2&#8243; use_custom_gutter=\u00bbon\u00bb gutter_width=\u00bb1&#8243; make_equal=\u00bbon\u00bb _builder_version=\u00bb4.19.4&#8243; _module_preset=\u00bbdefault\u00bb width=\u00bb100%\u00bb max_width=\u00bb1200px\u00bb global_colors_info=\u00bb{}\u00bb][et_pb_column type=\u00bb1_2&#8243; _builder_version=\u00bb4.19.4&#8243; _module_preset=\u00bbdefault\u00bb background_color=\u00bbgcid-e850ad88-05af-4ed0-bc88-7082de258f33&#8243; custom_padding=\u00bb60px|60px|60px|60px|true|true\u00bb custom_padding_tablet=\u00bb30px|30px|30px|30px|true|true\u00bb custom_padding_phone=\u00bb20px|20px|20px|20px|true|true\u00bb custom_padding_last_edited=\u00bbon|phone\u00bb border_radii=\u00bboff|20px|||20px\u00bb border_radii_tablet=\u00bboff|20px|20px||0px\u00bb border_radii_phone=\u00bboff|20px|20px||0px\u00bb border_radii_last_edited=\u00bbon|phone\u00bb global_colors_info=\u00bb{%22gcid-e850ad88-05af-4ed0-bc88-7082de258f33%22:%91%22background_color%22%93}\u00bb custom_css_before_last_edited=\u00bbon|phone\u00bb][et_pb_text _builder_version=\u00bb4.19.4&#8243; _module_preset=\u00bb78300d5d-b0d7-412a-b581-f43cb4592905&#8243; header_5_font=\u00bbGotham Book|900|||||||\u00bb header_5_font_size=\u00bb18px\u00bb header_5_line_height=\u00bb1.2em\u00bb background_layout=\u00bbdark\u00bb custom_margin=\u00bb||0px||false|false\u00bb header_5_font_size_tablet=\u00bb16px\u00bb header_5_font_size_phone=\u00bb14px\u00bb header_5_font_size_last_edited=\u00bbon|phone\u00bb global_colors_info=\u00bb{}\u00bb]<\/p>\n<h5>#1 EL CHUPETE TALKS<\/h5>\n<p>[\/et_pb_text][et_pb_text _builder_version=\u00bb4.19.4&#8243; _module_preset=\u00bbb327cbe4-b1d5-4b66-ad37-40c8f2f061ba\u00bb header_font=\u00bbGotham Bold||||||||\u00bb header_2_font=\u00bbGotham Bold||||||||\u00bb header_2_font_size=\u00bb46px\u00bb header_2_line_height=\u00bb1.2em\u00bb header_3_font=\u00bbGotham Bold||||||||\u00bb header_4_font=\u00bbGotham Bold||||||||\u00bb header_5_font=\u00bbGotham Bold||||||||\u00bb header_6_font=\u00bbGotham Bold||||||||\u00bb background_layout=\u00bbdark\u00bb header_2_font_size_tablet=\u00bb32px\u00bb header_2_font_size_phone=\u00bb20px\u00bb header_2_font_size_last_edited=\u00bbon|desktop\u00bb global_colors_info=\u00bb{}\u00bb]<\/p>\n<h2>Presentaci\u00f3n y casos de \u00e9xito<\/h2>\n<p>[\/et_pb_text][et_pb_text _builder_version=\u00bb4.19.4&#8243; _module_preset=\u00bb1f09816e-184e-4ce5-a4cf-b39c52c423ca\u00bb text_font=\u00bbPT Sans||||||||\u00bb text_font_size=\u00bb16px\u00bb text_line_height=\u00bb1.4em\u00bb background_layout=\u00bbdark\u00bb custom_margin=\u00bb||30px||false|false\u00bb text_font_size_tablet=\u00bb15px\u00bb text_font_size_phone=\u00bb14px\u00bb text_font_size_last_edited=\u00bbon|phone\u00bb header_font_size_tablet=\u00bb55px\u00bb header_font_size_last_edited=\u00bboff|desktop\u00bb global_colors_info=\u00bb{}\u00bb]Espacio Havas Group<br \/>\n13 de mayo 2021<\/p>\n<p>Participantes:<\/p>\n<ul class=\"lista1\">\n<li>Arena MEdia<\/li>\n<li>Tiempo BBDO<\/li>\n<li>ACUAM<\/li>\n<li>VML Y&amp;R BARCELONA<\/li>\n<\/ul>\n<p>[\/et_pb_text][et_pb_button button_url=\u00bb@ET-DC@eyJkeW5hbWljIjp0cnVlLCJjb250ZW50IjoicG9zdF9saW5rX3VybF9wb3N0Iiwic2V0dGluZ3MiOnsicG9zdF9pZCI6IjE1ODMifX0=@\u00bb button_text=\u00bbSaber m\u00e1s\u00bb button_alignment=\u00bbleft\u00bb _builder_version=\u00bb4.19.4&#8243; _dynamic_attributes=\u00bbbutton_url\u00bb _module_preset=\u00bbdefault\u00bb custom_button=\u00bbon\u00bb button_text_color=\u00bb#FFFFFF\u00bb button_bg_color=\u00bbrgba(255,255,255,0.42)\u00bb button_border_width=\u00bb0px\u00bb button_border_radius=\u00bb10px\u00bb button_font=\u00bbGotham Bold||||||||\u00bb button_use_icon=\u00bboff\u00bb global_colors_info=\u00bb{}\u00bb button_bg_color__hover=\u00bbrgba(255,255,255,0.21)\u00bb button_bg_color__hover_enabled=\u00bbon|hover\u00bb][\/et_pb_button][\/et_pb_column][et_pb_column type=\u00bb1_2&#8243; _builder_version=\u00bb4.19.4&#8243; _module_preset=\u00bbdefault\u00bb background_color=\u00bbgcid-acbd5969-9d5f-4bea-a694-e0e16adbbd29&#8243; background_image=\u00bbhttp:\/\/elchupete.com\/wp-content\/uploads\/2023\/01\/elchupete-talks-asifue.jpg\u00bb background_blend=\u00bbmultiply\u00bb border_radii=\u00bboff||20px|20px|\u00bb border_radii_tablet=\u00bboff||0px||20px\u00bb border_radii_phone=\u00bboff||0px|20px|20px\u00bb border_radii_last_edited=\u00bbon|phone\u00bb global_colors_info=\u00bb{%22gcid-acbd5969-9d5f-4bea-a694-e0e16adbbd29%22:%91%22background_color%22%93}\u00bb][et_pb_divider show_divider=\u00bboff\u00bb _builder_version=\u00bb4.18.0&#8243; _module_preset=\u00bbdefault\u00bb height_tablet=\u00bb40vw\u00bb height_phone=\u00bb40vw\u00bb height_last_edited=\u00bbon|tablet\u00bb locked=\u00bboff\u00bb global_colors_info=\u00bb{}\u00bb][\/et_pb_divider][\/et_pb_column][\/et_pb_row][\/et_pb_section]<\/p>\n","protected":false},"excerpt":{"rendered":"<p>Reuniones y charlas presenciales o en l\u00ednea entre amigos de El Chupete.\u00bfQu\u00e9 son?En nuestro compromiso por promover el debate sobre temas de actualidad y dinamizar foros de informaci\u00f3n e intercambio de conocimientos, presentamos el espacio \u00abAMKT-El Chupete Talks\u00bb junto a la Asociaci\u00f3n de Marketing de Espa\u00f1a AMKT. Un foro de debate, creado junto al festival [&hellip;]<\/p>\n","protected":false},"author":1,"featured_media":0,"parent":0,"menu_order":0,"comment_status":"closed","ping_status":"closed","template":"","meta":{"_acf_changed":false,"_et_pb_use_builder":"on","_et_pb_old_content":"","_et_gb_content_width":"","footnotes":""},"class_list":["post-468","page","type-page","status-publish","hentry"],"acf":[],"yoast_head":"<!-- This site is optimized with the Yoast SEO plugin v27.2 - https:\/\/yoast.com\/product\/yoast-seo-wordpress\/ -->\n<title>El Chupete - El Chupete Talks<\/title>\n<meta name=\"description\" content=\"MKT-El Chupete Talks organizar\u00e1 reuniones y charlas presenciales o en l\u00ednea donde analizaremos diferentes casos de \u00e9xito.\" \/>\n<meta name=\"robots\" content=\"index, follow, max-snippet:-1, max-image-preview:large, max-video-preview:-1\" \/>\n<link rel=\"canonical\" href=\"https:\/\/elchupete.com\/en\/el-chupete-talks\/\" \/>\n<meta property=\"og:locale\" content=\"en_GB\" \/>\n<meta property=\"og:type\" content=\"article\" \/>\n<meta property=\"og:title\" content=\"El Chupete - El Chupete Talks\" \/>\n<meta property=\"og:description\" content=\"MKT-El Chupete Talks organizar\u00e1 reuniones y charlas presenciales o en l\u00ednea donde analizaremos diferentes casos de \u00e9xito.\" \/>\n<meta property=\"og:url\" content=\"https:\/\/elchupete.com\/en\/el-chupete-talks\/\" \/>\n<meta property=\"og:site_name\" content=\"El Chupete\" \/>\n<meta property=\"article:publisher\" content=\"https:\/\/www.facebook.com\/festivalelchupete\/\" \/>\n<meta property=\"article:modified_time\" content=\"2023-03-07T15:32:37+00:00\" \/>\n<meta property=\"og:image\" content=\"https:\/\/elchupete.com\/wp-content\/uploads\/2022\/09\/elchupete-logo-color.png\" \/>\n\t<meta property=\"og:image:width\" content=\"1300\" \/>\n\t<meta property=\"og:image:height\" content=\"550\" \/>\n\t<meta property=\"og:image:type\" content=\"image\/png\" \/>\n<meta name=\"twitter:card\" content=\"summary_large_image\" \/>\n<meta name=\"twitter:site\" content=\"@elchupete_com\" \/>\n<meta name=\"twitter:label1\" content=\"Estimated reading time\" \/>\n\t<meta name=\"twitter:data1\" content=\"5 minutes\" \/>\n<script type=\"application\/ld+json\" class=\"yoast-schema-graph\">{\"@context\":\"https:\/\/schema.org\",\"@graph\":[{\"@type\":\"WebPage\",\"@id\":\"https:\/\/elchupete.com\/el-chupete-talks\/\",\"url\":\"https:\/\/elchupete.com\/el-chupete-talks\/\",\"name\":\"El Chupete - El Chupete Talks\",\"isPartOf\":{\"@id\":\"https:\/\/elchupete.com\/#website\"},\"datePublished\":\"2021-04-12T16:45:40+00:00\",\"dateModified\":\"2023-03-07T15:32:37+00:00\",\"description\":\"MKT-El Chupete Talks organizar\u00e1 reuniones y charlas presenciales o en l\u00ednea donde analizaremos diferentes casos de \u00e9xito.\",\"breadcrumb\":{\"@id\":\"https:\/\/elchupete.com\/el-chupete-talks\/#breadcrumb\"},\"inLanguage\":\"en-GB\",\"potentialAction\":[{\"@type\":\"ReadAction\",\"target\":[\"https:\/\/elchupete.com\/el-chupete-talks\/\"]}]},{\"@type\":\"BreadcrumbList\",\"@id\":\"https:\/\/elchupete.com\/el-chupete-talks\/#breadcrumb\",\"itemListElement\":[{\"@type\":\"ListItem\",\"position\":1,\"name\":\"Portada\",\"item\":\"https:\/\/elchupete.com\/\"},{\"@type\":\"ListItem\",\"position\":2,\"name\":\"El Chupete Talks\"}]},{\"@type\":\"WebSite\",\"@id\":\"https:\/\/elchupete.com\/#website\",\"url\":\"https:\/\/elchupete.com\/\",\"name\":\"El Chupete\",\"description\":\"Festival de Comunicaci\u00f3n Infantil\",\"publisher\":{\"@id\":\"https:\/\/elchupete.com\/#organization\"},\"potentialAction\":[{\"@type\":\"SearchAction\",\"target\":{\"@type\":\"EntryPoint\",\"urlTemplate\":\"https:\/\/elchupete.com\/?s={search_term_string}\"},\"query-input\":{\"@type\":\"PropertyValueSpecification\",\"valueRequired\":true,\"valueName\":\"search_term_string\"}}],\"inLanguage\":\"en-GB\"},{\"@type\":\"Organization\",\"@id\":\"https:\/\/elchupete.com\/#organization\",\"name\":\"El Chupete\",\"url\":\"https:\/\/elchupete.com\/\",\"logo\":{\"@type\":\"ImageObject\",\"inLanguage\":\"en-GB\",\"@id\":\"https:\/\/elchupete.com\/#\/schema\/logo\/image\/\",\"url\":\"https:\/\/elchupete.com\/wp-content\/uploads\/2022\/09\/elchupete-logo-color.png\",\"contentUrl\":\"https:\/\/elchupete.com\/wp-content\/uploads\/2022\/09\/elchupete-logo-color.png\",\"width\":1300,\"height\":550,\"caption\":\"El Chupete\"},\"image\":{\"@id\":\"https:\/\/elchupete.com\/#\/schema\/logo\/image\/\"},\"sameAs\":[\"https:\/\/www.facebook.com\/festivalelchupete\/\",\"https:\/\/x.com\/elchupete_com\",\"https:\/\/www.linkedin.com\/company\/festival-el-chupete\/?originalSubdomain=es\",\"https:\/\/www.youtube.com\/channel\/UCQQh7miXV7AGPQ0BVwzOJoA\",\"https:\/\/www.instagram.com\/elchupete_com\/\"]}]}<\/script>\n<!-- \/ Yoast SEO plugin. -->","yoast_head_json":{"title":"El Chupete - El Chupete Talks","description":"MKT-El Chupete Talks organizar\u00e1 reuniones y charlas presenciales o en l\u00ednea donde analizaremos diferentes casos de \u00e9xito.","robots":{"index":"index","follow":"follow","max-snippet":"max-snippet:-1","max-image-preview":"max-image-preview:large","max-video-preview":"max-video-preview:-1"},"canonical":"https:\/\/elchupete.com\/en\/el-chupete-talks\/","og_locale":"en_GB","og_type":"article","og_title":"El Chupete - El Chupete Talks","og_description":"MKT-El Chupete Talks organizar\u00e1 reuniones y charlas presenciales o en l\u00ednea donde analizaremos diferentes casos de \u00e9xito.","og_url":"https:\/\/elchupete.com\/en\/el-chupete-talks\/","og_site_name":"El Chupete","article_publisher":"https:\/\/www.facebook.com\/festivalelchupete\/","article_modified_time":"2023-03-07T15:32:37+00:00","og_image":[{"width":1300,"height":550,"url":"https:\/\/elchupete.com\/wp-content\/uploads\/2022\/09\/elchupete-logo-color.png","type":"image\/png"}],"twitter_card":"summary_large_image","twitter_site":"@elchupete_com","twitter_misc":{"Estimated reading time":"5 minutes"},"schema":{"@context":"https:\/\/schema.org","@graph":[{"@type":"WebPage","@id":"https:\/\/elchupete.com\/el-chupete-talks\/","url":"https:\/\/elchupete.com\/el-chupete-talks\/","name":"El Chupete - El Chupete Talks","isPartOf":{"@id":"https:\/\/elchupete.com\/#website"},"datePublished":"2021-04-12T16:45:40+00:00","dateModified":"2023-03-07T15:32:37+00:00","description":"MKT-El Chupete Talks organizar\u00e1 reuniones y charlas presenciales o en l\u00ednea donde analizaremos diferentes casos de \u00e9xito.","breadcrumb":{"@id":"https:\/\/elchupete.com\/el-chupete-talks\/#breadcrumb"},"inLanguage":"en-GB","potentialAction":[{"@type":"ReadAction","target":["https:\/\/elchupete.com\/el-chupete-talks\/"]}]},{"@type":"BreadcrumbList","@id":"https:\/\/elchupete.com\/el-chupete-talks\/#breadcrumb","itemListElement":[{"@type":"ListItem","position":1,"name":"Portada","item":"https:\/\/elchupete.com\/"},{"@type":"ListItem","position":2,"name":"El Chupete Talks"}]},{"@type":"WebSite","@id":"https:\/\/elchupete.com\/#website","url":"https:\/\/elchupete.com\/","name":"El Chupete","description":"Festival de Comunicaci\u00f3n Infantil","publisher":{"@id":"https:\/\/elchupete.com\/#organization"},"potentialAction":[{"@type":"SearchAction","target":{"@type":"EntryPoint","urlTemplate":"https:\/\/elchupete.com\/?s={search_term_string}"},"query-input":{"@type":"PropertyValueSpecification","valueRequired":true,"valueName":"search_term_string"}}],"inLanguage":"en-GB"},{"@type":"Organization","@id":"https:\/\/elchupete.com\/#organization","name":"El Chupete","url":"https:\/\/elchupete.com\/","logo":{"@type":"ImageObject","inLanguage":"en-GB","@id":"https:\/\/elchupete.com\/#\/schema\/logo\/image\/","url":"https:\/\/elchupete.com\/wp-content\/uploads\/2022\/09\/elchupete-logo-color.png","contentUrl":"https:\/\/elchupete.com\/wp-content\/uploads\/2022\/09\/elchupete-logo-color.png","width":1300,"height":550,"caption":"El Chupete"},"image":{"@id":"https:\/\/elchupete.com\/#\/schema\/logo\/image\/"},"sameAs":["https:\/\/www.facebook.com\/festivalelchupete\/","https:\/\/x.com\/elchupete_com","https:\/\/www.linkedin.com\/company\/festival-el-chupete\/?originalSubdomain=es","https:\/\/www.youtube.com\/channel\/UCQQh7miXV7AGPQ0BVwzOJoA","https:\/\/www.instagram.com\/elchupete_com\/"]}]}},"_links":{"self":[{"href":"https:\/\/elchupete.com\/en\/wp-json\/wp\/v2\/pages\/468","targetHints":{"allow":["GET"]}}],"collection":[{"href":"https:\/\/elchupete.com\/en\/wp-json\/wp\/v2\/pages"}],"about":[{"href":"https:\/\/elchupete.com\/en\/wp-json\/wp\/v2\/types\/page"}],"author":[{"embeddable":true,"href":"https:\/\/elchupete.com\/en\/wp-json\/wp\/v2\/users\/1"}],"replies":[{"embeddable":true,"href":"https:\/\/elchupete.com\/en\/wp-json\/wp\/v2\/comments?post=468"}],"version-history":[{"count":46,"href":"https:\/\/elchupete.com\/en\/wp-json\/wp\/v2\/pages\/468\/revisions"}],"predecessor-version":[{"id":3031,"href":"https:\/\/elchupete.com\/en\/wp-json\/wp\/v2\/pages\/468\/revisions\/3031"}],"wp:attachment":[{"href":"https:\/\/elchupete.com\/en\/wp-json\/wp\/v2\/media?parent=468"}],"curies":[{"name":"wp","href":"https:\/\/api.w.org\/{rel}","templated":true}]}}